{"id":25944,"date":"2024-11-25T14:13:12","date_gmt":"2024-11-25T10:13:12","guid":{"rendered":"https:\/\/www.plongeepei.fr\/?page_id=25944"},"modified":"2025-10-08T08:07:47","modified_gmt":"2025-10-08T04:07:47","slug":"plongee-pei-a-saint-leu","status":"publish","type":"page","link":"https:\/\/www.plongeepei.fr\/en\/presentation\/plongee-pei-a-saint-leu\/","title":{"rendered":"P\u00e9i Diving in Saint Leu"},"content":{"rendered":"<div data-elementor-type=\"wp-post\" data-elementor-id=\"25944\" class=\"elementor elementor-25944\" data-elementor-post-type=\"page\">\n\t\t\t\t<div class=\"elementor-element elementor-element-3d75ad7 e-con-full e-flex e-con e-parent\" data-id=\"3d75ad7\" data-element_type=\"container\" data-e-type=\"container\" data-settings=\"{&quot;background_background&quot;:&quot;classic&quot;}\">\n\t\t<div class=\"elementor-element elementor-element-16b67ec e-con-full e-flex e-con e-child\" data-id=\"16b67ec\" data-element_type=\"container\" data-e-type=\"container\">\n\t\t\t\t<div class=\"elementor-element elementor-element-427788d elementor-invisible elementor-widget elementor-widget-heading\" data-id=\"427788d\" data-element_type=\"widget\" data-e-type=\"widget\" data-settings=\"{&quot;_animation&quot;:&quot;fadeIn&quot;,&quot;_animation_delay&quot;:200}\" data-widget_type=\"heading.default\">\n\t\t\t\t<div class=\"elementor-widget-container\">\n\t\t\t\t\t<h1 class=\"elementor-heading-title elementor-size-default\">Pei Diving in St Leu<\/h1>\t\t\t\t<\/div>\n\t\t\t\t<\/div>\n\t\t\t\t<\/div>\n\t\t\t\t<\/div>\n\t\t<div class=\"elementor-element elementor-element-e6b5408 e-con-full e-flex e-con e-parent\" data-id=\"e6b5408\" data-element_type=\"container\" data-e-type=\"container\">\n\t\t<div class=\"elementor-element elementor-element-db28db6 e-con-full e-flex e-con e-child\" data-id=\"db28db6\" data-element_type=\"container\" data-e-type=\"container\">\n\t\t\t\t<div class=\"elementor-element elementor-element-f8ead40 elementor-widget elementor-widget-image\" data-id=\"f8ead40\" data-element_type=\"widget\" data-e-type=\"widget\" data-widget_type=\"image.default\">\n\t\t\t\t<div class=\"elementor-widget-container\">\n\t\t\t\t\t\t\t\t\t\t\t\t\t\t\t<img fetchpriority=\"high\" decoding=\"async\" width=\"800\" height=\"600\" src=\"https:\/\/www.plongeepei.fr\/wp-content\/uploads\/2025\/04\/mi-air-mi-eau-site-1024x768.jpg\" class=\"attachment-large size-large wp-image-30485\" alt=\"\" srcset=\"https:\/\/www.plongeepei.fr\/wp-content\/uploads\/2025\/04\/mi-air-mi-eau-site-1024x768.jpg 1024w, https:\/\/www.plongeepei.fr\/wp-content\/uploads\/2025\/04\/mi-air-mi-eau-site-scaled-385x289.jpg 385w, https:\/\/www.plongeepei.fr\/wp-content\/uploads\/2025\/04\/mi-air-mi-eau-site-scaled-600x450.jpg 600w, https:\/\/www.plongeepei.fr\/wp-content\/uploads\/2025\/04\/mi-air-mi-eau-site-300x225.jpg 300w, https:\/\/www.plongeepei.fr\/wp-content\/uploads\/2025\/04\/mi-air-mi-eau-site-150x113.jpg 150w, https:\/\/www.plongeepei.fr\/wp-content\/uploads\/2025\/04\/mi-air-mi-eau-site-768x576.jpg 768w, https:\/\/www.plongeepei.fr\/wp-content\/uploads\/2025\/04\/mi-air-mi-eau-site-1536x1152.jpg 1536w, https:\/\/www.plongeepei.fr\/wp-content\/uploads\/2025\/04\/mi-air-mi-eau-site-2048x1536.jpg 2048w, https:\/\/www.plongeepei.fr\/wp-content\/uploads\/2025\/04\/mi-air-mi-eau-site-16x12.jpg 16w\" sizes=\"(max-width: 800px) 100vw, 800px\" \/>\t\t\t\t\t\t\t\t\t\t\t\t\t\t\t<\/div>\n\t\t\t\t<\/div>\n\t\t\t\t<\/div>\n\t\t<div class=\"elementor-element elementor-element-9ef60b4 e-con-full e-flex e-con e-child\" data-id=\"9ef60b4\" data-element_type=\"container\" data-e-type=\"container\">\n\t\t\t\t<div class=\"elementor-element elementor-element-37344c5 elementor-widget elementor-widget-text-editor\" data-id=\"37344c5\" data-element_type=\"widget\" data-e-type=\"widget\" data-widget_type=\"text-editor.default\">\n\t\t\t\t<div class=\"elementor-widget-container\">\n\t\t\t\t\t\t\t\t\t<h5>We welcome you to our premises at 71 rue du mus\u00e9e in St Leu.<\/h5><h5>A car park and changing rooms with shower and toilet are at your disposal. A shuttle bus will take you to the little port of St Leu.<\/h5><h5>The most beautiful sites on the coral reef are on offer, from the Antonio Lorenzo to the Hermitage Pass and one of the most beautiful dives on the island, the famous Salt Point.<\/h5>\t\t\t\t\t\t\t\t<\/div>\n\t\t\t\t<\/div>\n\t\t\t\t<\/div>\n\t\t\t\t<\/div>\n\t\t<div class=\"elementor-element elementor-element-9ef4233 e-flex e-con-boxed e-con e-parent\" data-id=\"9ef4233\" data-element_type=\"container\" data-e-type=\"container\">\n\t\t\t\t\t<div class=\"e-con-inner\">\n\t\t\t\t<div class=\"elementor-element elementor-element-f6770d6 elementor-widget-divider--view-line elementor-widget elementor-widget-divider\" data-id=\"f6770d6\" data-element_type=\"widget\" data-e-type=\"widget\" data-widget_type=\"divider.default\">\n\t\t\t\t<div class=\"elementor-widget-container\">\n\t\t\t\t\t\t\t<div class=\"elementor-divider\">\n\t\t\t<span class=\"elementor-divider-separator\">\n\t\t\t\t\t\t<\/span>\n\t\t<\/div>\n\t\t\t\t\t\t<\/div>\n\t\t\t\t<\/div>\n\t\t\t\t<div class=\"elementor-element elementor-element-7ac2b38 elementor-widget-divider--view-line elementor-widget elementor-widget-divider\" data-id=\"7ac2b38\" data-element_type=\"widget\" data-e-type=\"widget\" data-widget_type=\"divider.default\">\n\t\t\t\t<div class=\"elementor-widget-container\">\n\t\t\t\t\t\t\t<div class=\"elementor-divider\">\n\t\t\t<span class=\"elementor-divider-separator\">\n\t\t\t\t\t\t<\/span>\n\t\t<\/div>\n\t\t\t\t\t\t<\/div>\n\t\t\t\t<\/div>\n\t\t\t\t\t<\/div>\n\t\t\t\t<\/div>\n\t\t<div class=\"elementor-element elementor-element-4c7ba21 e-grid e-con-boxed e-con e-parent\" data-id=\"4c7ba21\" data-element_type=\"container\" data-e-type=\"container\">\n\t\t\t\t\t<div class=\"e-con-inner\">\n\t\t\t\t<div class=\"elementor-element elementor-element-1a4d01d elementor-widget elementor-widget-text-editor\" data-id=\"1a4d01d\" data-element_type=\"widget\" data-e-type=\"widget\" data-widget_type=\"text-editor.default\">\n\t\t\t\t<div class=\"elementor-widget-container\">\n\t\t\t\t\t\t\t\t\t<p style=\"text-align: center;\">With his passion for the ocean and his experience as a volunteer fireman, Dilan, the diving director, will be able to organise the most beautiful and safest dives for you every time.\u00a0<\/p>\t\t\t\t\t\t\t\t<\/div>\n\t\t\t\t<\/div>\n\t\t\t\t<div class=\"elementor-element elementor-element-0c303cb elementor-widget elementor-widget-image\" data-id=\"0c303cb\" data-element_type=\"widget\" data-e-type=\"widget\" data-widget_type=\"image.default\">\n\t\t\t\t<div class=\"elementor-widget-container\">\n\t\t\t\t\t\t\t\t\t\t\t\t\t\t\t<img decoding=\"async\" width=\"240\" height=\"300\" src=\"https:\/\/www.plongeepei.fr\/wp-content\/uploads\/2025\/10\/Dilan-240x300.jpg\" class=\"attachment-medium size-medium wp-image-35947\" alt=\"Dilan moniteur\" srcset=\"https:\/\/www.plongeepei.fr\/wp-content\/uploads\/2025\/10\/Dilan-240x300.jpg 240w, https:\/\/www.plongeepei.fr\/wp-content\/uploads\/2025\/10\/Dilan-819x1024.jpg 819w, https:\/\/www.plongeepei.fr\/wp-content\/uploads\/2025\/10\/Dilan-120x150.jpg 120w, https:\/\/www.plongeepei.fr\/wp-content\/uploads\/2025\/10\/Dilan-768x960.jpg 768w, https:\/\/www.plongeepei.fr\/wp-content\/uploads\/2025\/10\/Dilan-1229x1536.jpg 1229w, https:\/\/www.plongeepei.fr\/wp-content\/uploads\/2025\/10\/Dilan-1638x2048.jpg 1638w, https:\/\/www.plongeepei.fr\/wp-content\/uploads\/2025\/10\/Dilan-10x12.jpg 10w, https:\/\/www.plongeepei.fr\/wp-content\/uploads\/2025\/10\/Dilan-385x481.jpg 385w, https:\/\/www.plongeepei.fr\/wp-content\/uploads\/2025\/10\/Dilan-600x750.jpg 600w, https:\/\/www.plongeepei.fr\/wp-content\/uploads\/2025\/10\/Dilan-scaled.jpg 2048w\" sizes=\"(max-width: 240px) 100vw, 240px\" \/>\t\t\t\t\t\t\t\t\t\t\t\t\t\t\t<\/div>\n\t\t\t\t<\/div>\n\t\t\t\t\t<\/div>\n\t\t\t\t<\/div>\n\t\t<div class=\"elementor-element elementor-element-e17ad78 e-con-full e-flex e-con e-parent\" data-id=\"e17ad78\" data-element_type=\"container\" data-e-type=\"container\">\n\t\t\t\t<div class=\"elementor-element elementor-element-b74fb6d elementor-widget-tablet__width-inherit elementor-widget-mobile__width-inherit elementor-widget__width-inherit elementor-widget elementor-widget-heading\" data-id=\"b74fb6d\" data-element_type=\"widget\" data-e-type=\"widget\" data-widget_type=\"heading.default\">\n\t\t\t\t<div class=\"elementor-widget-container\">\n\t\t\t\t\t<h2 class=\"elementor-heading-title elementor-size-default\">Activities departing from <span>Saint Leu<\/span><\/h2>\t\t\t\t<\/div>\n\t\t\t\t<\/div>\n\t\t\t\t<div class=\"elementor-element elementor-element-60d6f66 elementor-widget__width-inherit elementor-widget-tablet__width-inherit elementor-invisible elementor-widget elementor-widget-text-editor\" data-id=\"60d6f66\" data-element_type=\"widget\" data-e-type=\"widget\" data-settings=\"{&quot;_animation&quot;:&quot;fadeIn&quot;,&quot;_animation_delay&quot;:400}\" data-widget_type=\"text-editor.default\">\n\t\t\t\t<div class=\"elementor-widget-container\">\n\t\t\t\t\t\t\t\t\t<div class=\"gmail_default\">Access to the town centre of St Leu is becoming increasingly problematic, so we have opted for an off-centre installation.<\/div><div>\u00a0<\/div><div class=\"gmail_default\">Our premises are fully equipped (toilets, showers, changing rooms, caf\u00e9, etc.). Once the briefing has been completed, we will transport you to the boat by shuttle.<\/div>\t\t\t\t\t\t\t\t<\/div>\n\t\t\t\t<\/div>\n\t\t<a class=\"elementor-element elementor-element-423c172 e-con-full e-flex e-con e-child\" data-id=\"423c172\" data-element_type=\"container\" data-e-type=\"container\" data-settings=\"{&quot;background_background&quot;:&quot;classic&quot;}\" href=\"https:\/\/www.plongeepei.fr\/en\/product\/sortie-plongee\/\">\n\t\t\t\t<div class=\"elementor-element elementor-element-0a2dfa5 elementor-widget elementor-widget-text-editor\" data-id=\"0a2dfa5\" data-element_type=\"widget\" data-e-type=\"widget\" data-widget_type=\"text-editor.default\">\n\t\t\t\t<div class=\"elementor-widget-container\">\n\t\t\t\t\t\t\t\t\t<h3>Single dive<\/h3><p>Explore reefs, drop-offs and wrecks. From beginner to advanced, each dive is a unique adventure.<\/p>\t\t\t\t\t\t\t\t<\/div>\n\t\t\t\t<\/div>\n\t\t\t\t<div class=\"elementor-element elementor-element-59f3dc2 elementor-mobile-align-start elementor-align-start elementor-widget__width-initial cta-line service elementor-icon-list--layout-traditional elementor-list-item-link-full_width elementor-widget elementor-widget-icon-list\" data-id=\"59f3dc2\" data-element_type=\"widget\" data-e-type=\"widget\" data-widget_type=\"icon-list.default\">\n\t\t\t\t<div class=\"elementor-widget-container\">\n\t\t\t\t\t\t\t<ul class=\"elementor-icon-list-items\">\n\t\t\t\t\t\t\t<li class=\"elementor-icon-list-item\">\n\t\t\t\t\t\t\t\t\t\t\t<span class=\"elementor-icon-list-icon\">\n\t\t\t\t\t\t\t<i aria-hidden=\"true\" class=\"fas fa-long-arrow-alt-right\"><\/i>\t\t\t\t\t\t<\/span>\n\t\t\t\t\t\t\t\t\t\t<span class=\"elementor-icon-list-text\">Find out more<\/span>\n\t\t\t\t\t\t\t\t\t<\/li>\n\t\t\t\t\t\t<\/ul>\n\t\t\t\t\t\t<\/div>\n\t\t\t\t<\/div>\n\t\t\t\t<\/a>\n\t\t<a class=\"elementor-element elementor-element-a29689e e-con-full e-flex e-con e-child\" data-id=\"a29689e\" data-element_type=\"container\" data-e-type=\"container\" data-settings=\"{&quot;background_background&quot;:&quot;classic&quot;}\" href=\"https:\/\/www.plongeepei.fr\/en\/product\/double-plongee-depuis-saint-leu\/\">\n\t\t\t\t<div class=\"elementor-element elementor-element-b90cbc8 elementor-widget elementor-widget-text-editor\" data-id=\"b90cbc8\" data-element_type=\"widget\" data-e-type=\"widget\" data-widget_type=\"text-editor.default\">\n\t\t\t\t<div class=\"elementor-widget-container\">\n\t\t\t\t\t\t\t\t\t<h3>Double dive<\/h3><p>Make the most of your stay on the island with this double dive in the morning.<\/p>\t\t\t\t\t\t\t\t<\/div>\n\t\t\t\t<\/div>\n\t\t\t\t<div class=\"elementor-element elementor-element-69fb5ce elementor-mobile-align-start elementor-align-start elementor-widget__width-initial cta-line service elementor-icon-list--layout-traditional elementor-list-item-link-full_width elementor-widget elementor-widget-icon-list\" data-id=\"69fb5ce\" data-element_type=\"widget\" data-e-type=\"widget\" data-widget_type=\"icon-list.default\">\n\t\t\t\t<div class=\"elementor-widget-container\">\n\t\t\t\t\t\t\t<ul class=\"elementor-icon-list-items\">\n\t\t\t\t\t\t\t<li class=\"elementor-icon-list-item\">\n\t\t\t\t\t\t\t\t\t\t\t<span class=\"elementor-icon-list-icon\">\n\t\t\t\t\t\t\t<i aria-hidden=\"true\" class=\"fas fa-long-arrow-alt-right\"><\/i>\t\t\t\t\t\t<\/span>\n\t\t\t\t\t\t\t\t\t\t<span class=\"elementor-icon-list-text\">Find out more<\/span>\n\t\t\t\t\t\t\t\t\t<\/li>\n\t\t\t\t\t\t<\/ul>\n\t\t\t\t\t\t<\/div>\n\t\t\t\t<\/div>\n\t\t\t\t<\/a>\n\t\t<a class=\"elementor-element elementor-element-59c663b e-con-full e-flex e-con e-child\" data-id=\"59c663b\" data-element_type=\"container\" data-e-type=\"container\" data-settings=\"{&quot;background_background&quot;:&quot;classic&quot;}\" href=\"https:\/\/www.plongeepei.fr\/en\/product\/sortie-cetaces-depuis-saint-leu\/\">\n\t\t\t\t<div class=\"elementor-element elementor-element-4fff5be elementor-widget elementor-widget-text-editor\" data-id=\"4fff5be\" data-element_type=\"widget\" data-e-type=\"widget\" data-widget_type=\"text-editor.default\">\n\t\t\t\t<div class=\"elementor-widget-container\">\n\t\t\t\t\t\t\t\t\t<h3>Cetacean watching<\/h3><p>Observe whales and dolphins in their natural habitat for a unique and respectful experience.<\/p>\t\t\t\t\t\t\t\t<\/div>\n\t\t\t\t<\/div>\n\t\t\t\t<div class=\"elementor-element elementor-element-f927bbd elementor-mobile-align-start elementor-align-start elementor-widget__width-initial cta-line service elementor-icon-list--layout-traditional elementor-list-item-link-full_width elementor-widget elementor-widget-icon-list\" data-id=\"f927bbd\" data-element_type=\"widget\" data-e-type=\"widget\" data-widget_type=\"icon-list.default\">\n\t\t\t\t<div class=\"elementor-widget-container\">\n\t\t\t\t\t\t\t<ul class=\"elementor-icon-list-items\">\n\t\t\t\t\t\t\t<li class=\"elementor-icon-list-item\">\n\t\t\t\t\t\t\t\t\t\t\t<span class=\"elementor-icon-list-icon\">\n\t\t\t\t\t\t\t<i aria-hidden=\"true\" class=\"fas fa-long-arrow-alt-right\"><\/i>\t\t\t\t\t\t<\/span>\n\t\t\t\t\t\t\t\t\t\t<span class=\"elementor-icon-list-text\">Find out more<\/span>\n\t\t\t\t\t\t\t\t\t<\/li>\n\t\t\t\t\t\t<\/ul>\n\t\t\t\t\t\t<\/div>\n\t\t\t\t<\/div>\n\t\t\t\t<\/a>\n\t\t\t\t<\/div>\n\t\t\t\t<\/div>","protected":false},"excerpt":{"rendered":"<p>Plong\u00e9e Pei \u00e0 St Leu Nous vous accueillons dans nos locaux au 71 rue du mus\u00e9e \u00e0 St Leu. Un parking, des vestiaires avec douche et toilette sont \u00e0 votre disposition. Une navette vous achemine sur le petit port de St Leu. Les plus beaux sites de la barri\u00e8re de corail vous sont alors proposez,\u00a0 [&hellip;]<\/p>\n","protected":false},"author":1,"featured_media":25952,"parent":3730,"menu_order":0,"comment_status":"closed","ping_status":"closed","template":"","meta":{"footnotes":""},"class_list":["post-25944","page","type-page","status-publish","has-post-thumbnail","hentry"],"yoast_head":"<!-- This site is optimized with the Yoast SEO plugin v27.4 - https:\/\/yoast.com\/product\/yoast-seo-wordpress\/ -->\n<title>Plong\u00e9e P\u00e9i \u00e0 Saint Leu - Plongee Pei<\/title>\n<meta name=\"robots\" content=\"index, follow, max-snippet:-1, max-image-preview:large, max-video-preview:-1\" \/>\n<link rel=\"canonical\" href=\"https:\/\/www.plongeepei.fr\/en\/presentation\/plongee-pei-a-saint-leu\/\" \/>\n<meta property=\"og:locale\" content=\"en_GB\" \/>\n<meta property=\"og:type\" content=\"article\" \/>\n<meta property=\"og:title\" content=\"Plong\u00e9e P\u00e9i \u00e0 Saint Leu - Plongee Pei\" \/>\n<meta property=\"og:description\" content=\"Plong\u00e9e Pei \u00e0 St Leu Nous vous accueillons dans nos locaux au 71 rue du mus\u00e9e \u00e0 St Leu. Un parking, des vestiaires avec douche et toilette sont \u00e0 votre disposition. Une navette vous achemine sur le petit port de St Leu. Les plus beaux sites de la barri\u00e8re de corail vous sont alors proposez,\u00a0 [&hellip;]\" \/>\n<meta property=\"og:url\" content=\"https:\/\/www.plongeepei.fr\/en\/presentation\/plongee-pei-a-saint-leu\/\" \/>\n<meta property=\"og:site_name\" content=\"Plongee Pei\" \/>\n<meta property=\"article:publisher\" content=\"https:\/\/www.facebook.com\/plongeepei\" \/>\n<meta property=\"article:modified_time\" content=\"2025-10-08T04:07:47+00:00\" \/>\n<meta property=\"og:image\" content=\"http:\/\/www.plongeepei.fr\/wp-content\/uploads\/2024\/11\/plongee-pei-st-leu-2-scaled.jpg\" \/>\n\t<meta property=\"og:image:width\" content=\"2000\" \/>\n\t<meta property=\"og:image:height\" content=\"1750\" \/>\n\t<meta property=\"og:image:type\" content=\"image\/jpeg\" \/>\n<meta name=\"twitter:card\" content=\"summary_large_image\" \/>\n<meta name=\"twitter:label1\" content=\"Estimated reading time\" \/>\n\t<meta name=\"twitter:data1\" content=\"2 minutes\" \/>\n<script type=\"application\/ld+json\" class=\"yoast-schema-graph\">{\"@context\":\"https:\\\/\\\/schema.org\",\"@graph\":[{\"@type\":\"WebPage\",\"@id\":\"https:\\\/\\\/www.plongeepei.fr\\\/presentation\\\/plongee-pei-a-saint-leu\\\/\",\"url\":\"https:\\\/\\\/www.plongeepei.fr\\\/presentation\\\/plongee-pei-a-saint-leu\\\/\",\"name\":\"Plong\u00e9e P\u00e9i \u00e0 Saint Leu - Plongee Pei\",\"isPartOf\":{\"@id\":\"https:\\\/\\\/www.plongeepei.fr\\\/#website\"},\"primaryImageOfPage\":{\"@id\":\"https:\\\/\\\/www.plongeepei.fr\\\/presentation\\\/plongee-pei-a-saint-leu\\\/#primaryimage\"},\"image\":{\"@id\":\"https:\\\/\\\/www.plongeepei.fr\\\/presentation\\\/plongee-pei-a-saint-leu\\\/#primaryimage\"},\"thumbnailUrl\":\"https:\\\/\\\/www.plongeepei.fr\\\/wp-content\\\/uploads\\\/2024\\\/11\\\/plongee-pei-st-leu-2-scaled.jpg\",\"datePublished\":\"2024-11-25T10:13:12+00:00\",\"dateModified\":\"2025-10-08T04:07:47+00:00\",\"breadcrumb\":{\"@id\":\"https:\\\/\\\/www.plongeepei.fr\\\/presentation\\\/plongee-pei-a-saint-leu\\\/#breadcrumb\"},\"inLanguage\":\"en-GB\",\"potentialAction\":[{\"@type\":\"ReadAction\",\"target\":[\"https:\\\/\\\/www.plongeepei.fr\\\/presentation\\\/plongee-pei-a-saint-leu\\\/\"]}]},{\"@type\":\"ImageObject\",\"inLanguage\":\"en-GB\",\"@id\":\"https:\\\/\\\/www.plongeepei.fr\\\/presentation\\\/plongee-pei-a-saint-leu\\\/#primaryimage\",\"url\":\"https:\\\/\\\/www.plongeepei.fr\\\/wp-content\\\/uploads\\\/2024\\\/11\\\/plongee-pei-st-leu-2-scaled.jpg\",\"contentUrl\":\"https:\\\/\\\/www.plongeepei.fr\\\/wp-content\\\/uploads\\\/2024\\\/11\\\/plongee-pei-st-leu-2-scaled.jpg\",\"width\":2000,\"height\":1750,\"caption\":\"plong\u00e9\u00e9-p\u00e9\u00ef-St-Leu\"},{\"@type\":\"BreadcrumbList\",\"@id\":\"https:\\\/\\\/www.plongeepei.fr\\\/presentation\\\/plongee-pei-a-saint-leu\\\/#breadcrumb\",\"itemListElement\":[{\"@type\":\"ListItem\",\"position\":1,\"name\":\"Accueil\",\"item\":\"https:\\\/\\\/www.plongeepei.fr\\\/\"},{\"@type\":\"ListItem\",\"position\":2,\"name\":\"Le club\",\"item\":\"https:\\\/\\\/www.plongeepei.fr\\\/presentation\\\/\"},{\"@type\":\"ListItem\",\"position\":3,\"name\":\"Plong\u00e9e P\u00e9i \u00e0 Saint Leu\"}]},{\"@type\":\"WebSite\",\"@id\":\"https:\\\/\\\/www.plongeepei.fr\\\/#website\",\"url\":\"https:\\\/\\\/www.plongeepei.fr\\\/\",\"name\":\"Plongee Pei\",\"description\":\"Centre de plong\u00e9e \u00e0 l&#039;\u00eele de la R\u00e9union\",\"publisher\":{\"@id\":\"https:\\\/\\\/www.plongeepei.fr\\\/#organization\"},\"potentialAction\":[{\"@type\":\"SearchAction\",\"target\":{\"@type\":\"EntryPoint\",\"urlTemplate\":\"https:\\\/\\\/www.plongeepei.fr\\\/?s={search_term_string}\"},\"query-input\":{\"@type\":\"PropertyValueSpecification\",\"valueRequired\":true,\"valueName\":\"search_term_string\"}}],\"inLanguage\":\"en-GB\"},{\"@type\":\"Organization\",\"@id\":\"https:\\\/\\\/www.plongeepei.fr\\\/#organization\",\"name\":\"Plongee Pei\",\"url\":\"https:\\\/\\\/www.plongeepei.fr\\\/\",\"logo\":{\"@type\":\"ImageObject\",\"inLanguage\":\"en-GB\",\"@id\":\"https:\\\/\\\/www.plongeepei.fr\\\/#\\\/schema\\\/logo\\\/image\\\/\",\"url\":\"https:\\\/\\\/www.plongeepei.fr\\\/wp-content\\\/uploads\\\/2023\\\/02\\\/formation-PE-40-e1711449201789.jpg\",\"contentUrl\":\"https:\\\/\\\/www.plongeepei.fr\\\/wp-content\\\/uploads\\\/2023\\\/02\\\/formation-PE-40-e1711449201789.jpg\",\"width\":1080,\"height\":806,\"caption\":\"Plongee Pei\"},\"image\":{\"@id\":\"https:\\\/\\\/www.plongeepei.fr\\\/#\\\/schema\\\/logo\\\/image\\\/\"},\"sameAs\":[\"https:\\\/\\\/www.facebook.com\\\/plongeepei\",\"https:\\\/\\\/www.instagram.com\\\/plongeepei\\\/\"]}]}<\/script>\n<!-- \/ Yoast SEO plugin. -->","yoast_head_json":{"title":"Pei diving in Saint Leu - Plongee Pei","robots":{"index":"index","follow":"follow","max-snippet":"max-snippet:-1","max-image-preview":"max-image-preview:large","max-video-preview":"max-video-preview:-1"},"canonical":"https:\/\/www.plongeepei.fr\/en\/presentation\/plongee-pei-a-saint-leu\/","og_locale":"en_GB","og_type":"article","og_title":"Plong\u00e9e P\u00e9i \u00e0 Saint Leu - Plongee Pei","og_description":"Plong\u00e9e Pei \u00e0 St Leu Nous vous accueillons dans nos locaux au 71 rue du mus\u00e9e \u00e0 St Leu. Un parking, des vestiaires avec douche et toilette sont \u00e0 votre disposition. Une navette vous achemine sur le petit port de St Leu. Les plus beaux sites de la barri\u00e8re de corail vous sont alors proposez,\u00a0 [&hellip;]","og_url":"https:\/\/www.plongeepei.fr\/en\/presentation\/plongee-pei-a-saint-leu\/","og_site_name":"Plongee Pei","article_publisher":"https:\/\/www.facebook.com\/plongeepei","article_modified_time":"2025-10-08T04:07:47+00:00","og_image":[{"width":2000,"height":1750,"url":"http:\/\/www.plongeepei.fr\/wp-content\/uploads\/2024\/11\/plongee-pei-st-leu-2-scaled.jpg","type":"image\/jpeg"}],"twitter_card":"summary_large_image","twitter_misc":{"Estimated reading time":"2 minutes"},"schema":{"@context":"https:\/\/schema.org","@graph":[{"@type":"WebPage","@id":"https:\/\/www.plongeepei.fr\/presentation\/plongee-pei-a-saint-leu\/","url":"https:\/\/www.plongeepei.fr\/presentation\/plongee-pei-a-saint-leu\/","name":"Pei diving in Saint Leu - Plongee Pei","isPartOf":{"@id":"https:\/\/www.plongeepei.fr\/#website"},"primaryImageOfPage":{"@id":"https:\/\/www.plongeepei.fr\/presentation\/plongee-pei-a-saint-leu\/#primaryimage"},"image":{"@id":"https:\/\/www.plongeepei.fr\/presentation\/plongee-pei-a-saint-leu\/#primaryimage"},"thumbnailUrl":"https:\/\/www.plongeepei.fr\/wp-content\/uploads\/2024\/11\/plongee-pei-st-leu-2-scaled.jpg","datePublished":"2024-11-25T10:13:12+00:00","dateModified":"2025-10-08T04:07:47+00:00","breadcrumb":{"@id":"https:\/\/www.plongeepei.fr\/presentation\/plongee-pei-a-saint-leu\/#breadcrumb"},"inLanguage":"en-GB","potentialAction":[{"@type":"ReadAction","target":["https:\/\/www.plongeepei.fr\/presentation\/plongee-pei-a-saint-leu\/"]}]},{"@type":"ImageObject","inLanguage":"en-GB","@id":"https:\/\/www.plongeepei.fr\/presentation\/plongee-pei-a-saint-leu\/#primaryimage","url":"https:\/\/www.plongeepei.fr\/wp-content\/uploads\/2024\/11\/plongee-pei-st-leu-2-scaled.jpg","contentUrl":"https:\/\/www.plongeepei.fr\/wp-content\/uploads\/2024\/11\/plongee-pei-st-leu-2-scaled.jpg","width":2000,"height":1750,"caption":"plong\u00e9\u00e9-p\u00e9\u00ef-St-Leu"},{"@type":"BreadcrumbList","@id":"https:\/\/www.plongeepei.fr\/presentation\/plongee-pei-a-saint-leu\/#breadcrumb","itemListElement":[{"@type":"ListItem","position":1,"name":"Accueil","item":"https:\/\/www.plongeepei.fr\/"},{"@type":"ListItem","position":2,"name":"Le club","item":"https:\/\/www.plongeepei.fr\/presentation\/"},{"@type":"ListItem","position":3,"name":"Plong\u00e9e P\u00e9i \u00e0 Saint Leu"}]},{"@type":"WebSite","@id":"https:\/\/www.plongeepei.fr\/#website","url":"https:\/\/www.plongeepei.fr\/","name":"Pei Diving","description":"Diving center on Reunion Island","publisher":{"@id":"https:\/\/www.plongeepei.fr\/#organization"},"potentialAction":[{"@type":"SearchAction","target":{"@type":"EntryPoint","urlTemplate":"https:\/\/www.plongeepei.fr\/?s={search_term_string}"},"query-input":{"@type":"PropertyValueSpecification","valueRequired":true,"valueName":"search_term_string"}}],"inLanguage":"en-GB"},{"@type":"Organization","@id":"https:\/\/www.plongeepei.fr\/#organization","name":"Pei Diving","url":"https:\/\/www.plongeepei.fr\/","logo":{"@type":"ImageObject","inLanguage":"en-GB","@id":"https:\/\/www.plongeepei.fr\/#\/schema\/logo\/image\/","url":"https:\/\/www.plongeepei.fr\/wp-content\/uploads\/2023\/02\/formation-PE-40-e1711449201789.jpg","contentUrl":"https:\/\/www.plongeepei.fr\/wp-content\/uploads\/2023\/02\/formation-PE-40-e1711449201789.jpg","width":1080,"height":806,"caption":"Plongee Pei"},"image":{"@id":"https:\/\/www.plongeepei.fr\/#\/schema\/logo\/image\/"},"sameAs":["https:\/\/www.facebook.com\/plongeepei","https:\/\/www.instagram.com\/plongeepei\/"]}]}},"_links":{"self":[{"href":"https:\/\/www.plongeepei.fr\/en\/wp-json\/wp\/v2\/pages\/25944","targetHints":{"allow":["GET"]}}],"collection":[{"href":"https:\/\/www.plongeepei.fr\/en\/wp-json\/wp\/v2\/pages"}],"about":[{"href":"https:\/\/www.plongeepei.fr\/en\/wp-json\/wp\/v2\/types\/page"}],"author":[{"embeddable":true,"href":"https:\/\/www.plongeepei.fr\/en\/wp-json\/wp\/v2\/users\/1"}],"replies":[{"embeddable":true,"href":"https:\/\/www.plongeepei.fr\/en\/wp-json\/wp\/v2\/comments?post=25944"}],"version-history":[{"count":5,"href":"https:\/\/www.plongeepei.fr\/en\/wp-json\/wp\/v2\/pages\/25944\/revisions"}],"predecessor-version":[{"id":35950,"href":"https:\/\/www.plongeepei.fr\/en\/wp-json\/wp\/v2\/pages\/25944\/revisions\/35950"}],"up":[{"embeddable":true,"href":"https:\/\/www.plongeepei.fr\/en\/wp-json\/wp\/v2\/pages\/3730"}],"wp:featuredmedia":[{"embeddable":true,"href":"https:\/\/www.plongeepei.fr\/en\/wp-json\/wp\/v2\/media\/25952"}],"wp:attachment":[{"href":"https:\/\/www.plongeepei.fr\/en\/wp-json\/wp\/v2\/media?parent=25944"}],"curies":[{"name":"wp","href":"https:\/\/api.w.org\/{rel}","templated":true}]}}