{"id":25959,"date":"2024-11-25T18:20:17","date_gmt":"2024-11-25T14:20:17","guid":{"rendered":"https:\/\/www.plongeepei.fr\/?page_id=25959"},"modified":"2025-10-08T08:12:39","modified_gmt":"2025-10-08T04:12:39","slug":"plongee-pei-au-port","status":"publish","type":"page","link":"https:\/\/www.plongeepei.fr\/en\/presentation\/plongee-pei-au-port\/","title":{"rendered":"P\u00e9i au Port Diving"},"content":{"rendered":"<div data-elementor-type=\"wp-post\" data-elementor-id=\"25959\" class=\"elementor elementor-25959\" data-elementor-post-type=\"page\">\n\t\t\t\t<div class=\"elementor-element elementor-element-e27fafb e-con-full e-flex e-con e-parent\" data-id=\"e27fafb\" data-element_type=\"container\" data-e-type=\"container\" data-settings=\"{&quot;background_background&quot;:&quot;classic&quot;}\">\n\t\t<div class=\"elementor-element elementor-element-de29450 e-con-full e-flex e-con e-child\" data-id=\"de29450\" data-element_type=\"container\" data-e-type=\"container\">\n\t\t\t\t<div class=\"elementor-element elementor-element-2c824a2 elementor-invisible elementor-widget elementor-widget-heading\" data-id=\"2c824a2\" data-element_type=\"widget\" data-e-type=\"widget\" data-settings=\"{&quot;_animation&quot;:&quot;fadeIn&quot;,&quot;_animation_delay&quot;:200}\" data-widget_type=\"heading.default\">\n\t\t\t\t<div class=\"elementor-widget-container\">\n\t\t\t\t\t<h1 class=\"elementor-heading-title elementor-size-default\">Pei Diving at the Port of Pointe des Galets<\/h1>\t\t\t\t<\/div>\n\t\t\t\t<\/div>\n\t\t\t\t<\/div>\n\t\t\t\t<\/div>\n\t\t<div class=\"elementor-element elementor-element-181d46b e-flex e-con-boxed e-con e-parent\" data-id=\"181d46b\" data-element_type=\"container\" data-e-type=\"container\">\n\t\t\t\t\t<div class=\"e-con-inner\">\n\t\t\t\t<div class=\"elementor-element elementor-element-d0f7ae0 elementor-widget-divider--view-line elementor-widget elementor-widget-divider\" data-id=\"d0f7ae0\" data-element_type=\"widget\" data-e-type=\"widget\" data-widget_type=\"divider.default\">\n\t\t\t\t<div class=\"elementor-widget-container\">\n\t\t\t\t\t\t\t<div class=\"elementor-divider\">\n\t\t\t<span class=\"elementor-divider-separator\">\n\t\t\t\t\t\t<\/span>\n\t\t<\/div>\n\t\t\t\t\t\t<\/div>\n\t\t\t\t<\/div>\n\t\t\t\t\t<\/div>\n\t\t\t\t<\/div>\n\t\t<div class=\"elementor-element elementor-element-91fc73e e-con-full e-flex e-con e-parent\" data-id=\"91fc73e\" data-element_type=\"container\" data-e-type=\"container\">\n\t\t<div class=\"elementor-element elementor-element-1925e1b e-con-full e-flex e-con e-child\" data-id=\"1925e1b\" data-element_type=\"container\" data-e-type=\"container\">\n\t\t\t\t<div class=\"elementor-element elementor-element-466dd36 elementor-widget elementor-widget-image\" data-id=\"466dd36\" data-element_type=\"widget\" data-e-type=\"widget\" data-widget_type=\"image.default\">\n\t\t\t\t<div class=\"elementor-widget-container\">\n\t\t\t\t\t\t\t\t\t\t\t\t\t\t\t<img fetchpriority=\"high\" decoding=\"async\" width=\"800\" height=\"411\" src=\"https:\/\/www.plongeepei.fr\/wp-content\/uploads\/2025\/05\/Port-de-la-Pointe-des-Galets-1024x526.jpg\" class=\"attachment-large size-large wp-image-31335\" alt=\"\" srcset=\"https:\/\/www.plongeepei.fr\/wp-content\/uploads\/2025\/05\/Port-de-la-Pointe-des-Galets-1024x526.jpg 1024w, https:\/\/www.plongeepei.fr\/wp-content\/uploads\/2025\/05\/Port-de-la-Pointe-des-Galets-385x198.jpg 385w, https:\/\/www.plongeepei.fr\/wp-content\/uploads\/2025\/05\/Port-de-la-Pointe-des-Galets-600x308.jpg 600w, https:\/\/www.plongeepei.fr\/wp-content\/uploads\/2025\/05\/Port-de-la-Pointe-des-Galets-300x154.jpg 300w, https:\/\/www.plongeepei.fr\/wp-content\/uploads\/2025\/05\/Port-de-la-Pointe-des-Galets-150x77.jpg 150w, https:\/\/www.plongeepei.fr\/wp-content\/uploads\/2025\/05\/Port-de-la-Pointe-des-Galets-768x395.jpg 768w, https:\/\/www.plongeepei.fr\/wp-content\/uploads\/2025\/05\/Port-de-la-Pointe-des-Galets-1536x790.jpg 1536w, https:\/\/www.plongeepei.fr\/wp-content\/uploads\/2025\/05\/Port-de-la-Pointe-des-Galets-2048x1053.jpg 2048w, https:\/\/www.plongeepei.fr\/wp-content\/uploads\/2025\/05\/Port-de-la-Pointe-des-Galets-18x9.jpg 18w\" sizes=\"(max-width: 800px) 100vw, 800px\" \/>\t\t\t\t\t\t\t\t\t\t\t\t\t\t\t<\/div>\n\t\t\t\t<\/div>\n\t\t\t\t<\/div>\n\t\t<div class=\"elementor-element elementor-element-1045db3 e-con-full e-flex e-con e-child\" data-id=\"1045db3\" data-element_type=\"container\" data-e-type=\"container\">\n\t\t\t\t<div class=\"elementor-element elementor-element-0c7b6d5 elementor-widget elementor-widget-text-editor\" data-id=\"0c7b6d5\" data-element_type=\"widget\" data-e-type=\"widget\" data-widget_type=\"text-editor.default\">\n\t\t\t\t<div class=\"elementor-widget-container\">\n\t\t\t\t\t\t\t\t\t<h5 style=\"text-align: center;\"><strong>We welcome you <\/strong>at our offices at 01 rue Berthier on the marina dock at<strong> Pointe des Galets, R\u00e9union's leading fishing and yachting harbour, a lively place offering a wide range of activities. <\/strong><\/h5><h5 style=\"text-align: center;\"><strong>Located in Port Ouest, it is the \"gateway\" to R\u00e9union's maritime routes.<\/strong><\/h5><h5 style=\"text-align: center;\">A car park and changing rooms with showers and toilets are available.<\/h5><h5 style=\"text-align: center;\">The most beautiful sites in the north are on offer, from Hais Yang to the Boucane tower, not forgetting one of the most beautiful dives on the island, the famous Cap La Houssaye.<\/h5>\t\t\t\t\t\t\t\t<\/div>\n\t\t\t\t<\/div>\n\t\t\t\t<\/div>\n\t\t\t\t<\/div>\n\t\t<div class=\"elementor-element elementor-element-bd62f3c e-flex e-con-boxed e-con e-parent\" data-id=\"bd62f3c\" data-element_type=\"container\" data-e-type=\"container\">\n\t\t\t\t\t<div class=\"e-con-inner\">\n\t\t\t\t<div class=\"elementor-element elementor-element-ddd19a7 elementor-widget elementor-widget-spacer\" data-id=\"ddd19a7\" data-element_type=\"widget\" data-e-type=\"widget\" data-widget_type=\"spacer.default\">\n\t\t\t\t<div class=\"elementor-widget-container\">\n\t\t\t\t\t\t\t<div class=\"elementor-spacer\">\n\t\t\t<div class=\"elementor-spacer-inner\"><\/div>\n\t\t<\/div>\n\t\t\t\t\t\t<\/div>\n\t\t\t\t<\/div>\n\t\t\t\t\t<\/div>\n\t\t\t\t<\/div>\n\t\t<div class=\"elementor-element elementor-element-7eaa068 e-flex e-con-boxed e-con e-parent\" data-id=\"7eaa068\" data-element_type=\"container\" data-e-type=\"container\">\n\t\t\t\t\t<div class=\"e-con-inner\">\n\t\t\t\t<div class=\"elementor-element elementor-element-935a29c elementor-widget-divider--view-line elementor-widget elementor-widget-divider\" data-id=\"935a29c\" data-element_type=\"widget\" data-e-type=\"widget\" data-widget_type=\"divider.default\">\n\t\t\t\t<div class=\"elementor-widget-container\">\n\t\t\t\t\t\t\t<div class=\"elementor-divider\">\n\t\t\t<span class=\"elementor-divider-separator\">\n\t\t\t\t\t\t<\/span>\n\t\t<\/div>\n\t\t\t\t\t\t<\/div>\n\t\t\t\t<\/div>\n\t\t\t\t\t<\/div>\n\t\t\t\t<\/div>\n\t\t<div class=\"elementor-element elementor-element-ca0243c e-flex e-con-boxed e-con e-parent\" data-id=\"ca0243c\" data-element_type=\"container\" data-e-type=\"container\">\n\t\t\t\t\t<div class=\"e-con-inner\">\n\t\t<div class=\"elementor-element elementor-element-408b472 e-con-full e-flex e-con e-child\" data-id=\"408b472\" data-element_type=\"container\" data-e-type=\"container\">\n\t\t\t\t<div class=\"elementor-element elementor-element-7ff12fc elementor-widget elementor-widget-text-editor\" data-id=\"7ff12fc\" data-element_type=\"widget\" data-e-type=\"widget\" data-widget_type=\"text-editor.default\">\n\t\t\t\t<div class=\"elementor-widget-container\">\n\t\t\t\t\t\t\t\t\t<p style=\"text-align: center;\">Daphn\u00e9e, also known as \"the queen of the orga\", our dive director, is sure to be able to organise the most beautiful P\u00e9\u00ef dive for you on every outing.\u00a0<\/p>\t\t\t\t\t\t\t\t<\/div>\n\t\t\t\t<\/div>\n\t\t\t\t<\/div>\n\t\t<div class=\"elementor-element elementor-element-6c0bcfc e-con-full e-flex e-con e-child\" data-id=\"6c0bcfc\" data-element_type=\"container\" data-e-type=\"container\">\n\t\t\t\t<div class=\"elementor-element elementor-element-115f18f elementor-widget elementor-widget-image\" data-id=\"115f18f\" data-element_type=\"widget\" data-e-type=\"widget\" data-widget_type=\"image.default\">\n\t\t\t\t<div class=\"elementor-widget-container\">\n\t\t\t\t\t\t\t\t\t\t\t\t\t\t\t<img decoding=\"async\" width=\"232\" height=\"300\" src=\"https:\/\/www.plongeepei.fr\/wp-content\/uploads\/2025\/06\/468322244_10160346126281574_5227206126468930780_n-232x300.jpg\" class=\"attachment-medium size-medium wp-image-32974\" alt=\"\" srcset=\"https:\/\/www.plongeepei.fr\/wp-content\/uploads\/2025\/06\/468322244_10160346126281574_5227206126468930780_n-232x300.jpg 232w, https:\/\/www.plongeepei.fr\/wp-content\/uploads\/2025\/06\/468322244_10160346126281574_5227206126468930780_n-385x498.jpg 385w, https:\/\/www.plongeepei.fr\/wp-content\/uploads\/2025\/06\/468322244_10160346126281574_5227206126468930780_n-600x776.jpg 600w, https:\/\/www.plongeepei.fr\/wp-content\/uploads\/2025\/06\/468322244_10160346126281574_5227206126468930780_n-116x150.jpg 116w, https:\/\/www.plongeepei.fr\/wp-content\/uploads\/2025\/06\/468322244_10160346126281574_5227206126468930780_n-9x12.jpg 9w, https:\/\/www.plongeepei.fr\/wp-content\/uploads\/2025\/06\/468322244_10160346126281574_5227206126468930780_n.jpg 616w\" sizes=\"(max-width: 232px) 100vw, 232px\" \/>\t\t\t\t\t\t\t\t\t\t\t\t\t\t\t<\/div>\n\t\t\t\t<\/div>\n\t\t\t\t<\/div>\n\t\t\t\t\t<\/div>\n\t\t\t\t<\/div>\n\t\t<div class=\"elementor-element elementor-element-5ce57bf e-con-full e-flex e-con e-parent\" data-id=\"5ce57bf\" data-element_type=\"container\" data-e-type=\"container\">\n\t\t\t\t<div class=\"elementor-element elementor-element-408e17e elementor-widget-tablet__width-inherit elementor-widget-mobile__width-inherit elementor-widget__width-inherit elementor-widget elementor-widget-heading\" data-id=\"408e17e\" data-element_type=\"widget\" data-e-type=\"widget\" data-widget_type=\"heading.default\">\n\t\t\t\t<div class=\"elementor-widget-container\">\n\t\t\t\t\t<h2 class=\"elementor-heading-title elementor-size-default\">Activities starting from <span>Port De la Pointe des Galets<\/span><\/h2>\t\t\t\t<\/div>\n\t\t\t\t<\/div>\n\t\t\t\t<div class=\"elementor-element elementor-element-de73eb8 elementor-widget__width-inherit elementor-widget-tablet__width-inherit elementor-invisible elementor-widget elementor-widget-text-editor\" data-id=\"de73eb8\" data-element_type=\"widget\" data-e-type=\"widget\" data-settings=\"{&quot;_animation&quot;:&quot;fadeIn&quot;,&quot;_animation_delay&quot;:400}\" data-widget_type=\"text-editor.default\">\n\t\t\t\t<div class=\"elementor-widget-container\">\n\t\t\t\t\t\t\t\t\t<div class=\"gmail_default\"><p>In particular, it can accommodate more than 500 boats at anchor, including around ten places reserved for ships from abroad wishing to stop over in Reunion.<\/p><p>This port also offers tourist activities (catamaran trips, diving, boat rental, etc.).<\/p><\/div>\t\t\t\t\t\t\t\t<\/div>\n\t\t\t\t<\/div>\n\t\t<a class=\"elementor-element elementor-element-51f3d19 e-con-full e-flex e-con e-child\" data-id=\"51f3d19\" data-element_type=\"container\" data-e-type=\"container\" data-settings=\"{&quot;background_background&quot;:&quot;classic&quot;}\" href=\"https:\/\/www.plongeepei.fr\/en\/product\/sortie-plongee-depuis-la-pointe-du-port-des-galets\/\">\n\t\t\t\t<div class=\"elementor-element elementor-element-3b0bdf6 elementor-widget elementor-widget-text-editor\" data-id=\"3b0bdf6\" data-element_type=\"widget\" data-e-type=\"widget\" data-widget_type=\"text-editor.default\">\n\t\t\t\t<div class=\"elementor-widget-container\">\n\t\t\t\t\t\t\t\t\t<h3>Single dive<\/h3><p>Explore reefs, drop-offs and wrecks. From beginner to advanced, each dive is a unique adventure.<\/p>\t\t\t\t\t\t\t\t<\/div>\n\t\t\t\t<\/div>\n\t\t\t\t<div class=\"elementor-element elementor-element-ef42210 elementor-mobile-align-start elementor-align-start elementor-widget__width-initial cta-line service elementor-icon-list--layout-traditional elementor-list-item-link-full_width elementor-widget elementor-widget-icon-list\" data-id=\"ef42210\" data-element_type=\"widget\" data-e-type=\"widget\" data-widget_type=\"icon-list.default\">\n\t\t\t\t<div class=\"elementor-widget-container\">\n\t\t\t\t\t\t\t<ul class=\"elementor-icon-list-items\">\n\t\t\t\t\t\t\t<li class=\"elementor-icon-list-item\">\n\t\t\t\t\t\t\t\t\t\t\t<span class=\"elementor-icon-list-icon\">\n\t\t\t\t\t\t\t<i aria-hidden=\"true\" class=\"fas fa-long-arrow-alt-right\"><\/i>\t\t\t\t\t\t<\/span>\n\t\t\t\t\t\t\t\t\t\t<span class=\"elementor-icon-list-text\">Find out more<\/span>\n\t\t\t\t\t\t\t\t\t<\/li>\n\t\t\t\t\t\t<\/ul>\n\t\t\t\t\t\t<\/div>\n\t\t\t\t<\/div>\n\t\t\t\t<\/a>\n\t\t<a class=\"elementor-element elementor-element-4196f72 e-con-full e-flex e-con e-child\" data-id=\"4196f72\" data-element_type=\"container\" data-e-type=\"container\" data-settings=\"{&quot;background_background&quot;:&quot;classic&quot;}\" href=\"https:\/\/www.plongeepei.fr\/en\/product\/two-tanks-dive-tout-equipe\/\">\n\t\t\t\t<div class=\"elementor-element elementor-element-c0d730d elementor-widget elementor-widget-text-editor\" data-id=\"c0d730d\" data-element_type=\"widget\" data-e-type=\"widget\" data-widget_type=\"text-editor.default\">\n\t\t\t\t<div class=\"elementor-widget-container\">\n\t\t\t\t\t\t\t\t\t<h3>Double dive<\/h3><p>Make the most of your stay on the island with this double dive in the morning.<\/p>\t\t\t\t\t\t\t\t<\/div>\n\t\t\t\t<\/div>\n\t\t\t\t<div class=\"elementor-element elementor-element-becaaa7 elementor-mobile-align-start elementor-align-start elementor-widget__width-initial cta-line service elementor-icon-list--layout-traditional elementor-list-item-link-full_width elementor-widget elementor-widget-icon-list\" data-id=\"becaaa7\" data-element_type=\"widget\" data-e-type=\"widget\" data-widget_type=\"icon-list.default\">\n\t\t\t\t<div class=\"elementor-widget-container\">\n\t\t\t\t\t\t\t<ul class=\"elementor-icon-list-items\">\n\t\t\t\t\t\t\t<li class=\"elementor-icon-list-item\">\n\t\t\t\t\t\t\t\t\t\t\t<span class=\"elementor-icon-list-icon\">\n\t\t\t\t\t\t\t<i aria-hidden=\"true\" class=\"fas fa-long-arrow-alt-right\"><\/i>\t\t\t\t\t\t<\/span>\n\t\t\t\t\t\t\t\t\t\t<span class=\"elementor-icon-list-text\">Find out more<\/span>\n\t\t\t\t\t\t\t\t\t<\/li>\n\t\t\t\t\t\t<\/ul>\n\t\t\t\t\t\t<\/div>\n\t\t\t\t<\/div>\n\t\t\t\t<\/a>\n\t\t<a class=\"elementor-element elementor-element-19a68cc e-con-full e-flex e-con e-child\" data-id=\"19a68cc\" data-element_type=\"container\" data-e-type=\"container\" data-settings=\"{&quot;background_background&quot;:&quot;classic&quot;}\" href=\"https:\/\/www.plongeepei.fr\/en\/product\/sortie-cetaces-depuis-le-port-de-la-pointe-des-galets\/\">\n\t\t\t\t<div class=\"elementor-element elementor-element-c748a0c elementor-widget elementor-widget-text-editor\" data-id=\"c748a0c\" data-element_type=\"widget\" data-e-type=\"widget\" data-widget_type=\"text-editor.default\">\n\t\t\t\t<div class=\"elementor-widget-container\">\n\t\t\t\t\t\t\t\t\t<h3>Cetacean watching<\/h3><p>Observe whales and dolphins in their natural habitat for a unique and respectful experience.<\/p>\t\t\t\t\t\t\t\t<\/div>\n\t\t\t\t<\/div>\n\t\t\t\t<div class=\"elementor-element elementor-element-093cb9a elementor-mobile-align-start elementor-align-start elementor-widget__width-initial cta-line service elementor-icon-list--layout-traditional elementor-list-item-link-full_width elementor-widget elementor-widget-icon-list\" data-id=\"093cb9a\" data-element_type=\"widget\" data-e-type=\"widget\" data-widget_type=\"icon-list.default\">\n\t\t\t\t<div class=\"elementor-widget-container\">\n\t\t\t\t\t\t\t<ul class=\"elementor-icon-list-items\">\n\t\t\t\t\t\t\t<li class=\"elementor-icon-list-item\">\n\t\t\t\t\t\t\t\t\t\t\t<span class=\"elementor-icon-list-icon\">\n\t\t\t\t\t\t\t<i aria-hidden=\"true\" class=\"fas fa-long-arrow-alt-right\"><\/i>\t\t\t\t\t\t<\/span>\n\t\t\t\t\t\t\t\t\t\t<span class=\"elementor-icon-list-text\">Find out more<\/span>\n\t\t\t\t\t\t\t\t\t<\/li>\n\t\t\t\t\t\t<\/ul>\n\t\t\t\t\t\t<\/div>\n\t\t\t\t<\/div>\n\t\t\t\t<\/a>\n\t\t\t\t<\/div>\n\t\t\t\t<\/div>","protected":false},"excerpt":{"rendered":"<p>Plong\u00e9e Pei au Port de la Pointe des Galets Nous vous accueillons dans nos locaux au 01 rue Berthier sur la darse de plaisance de la Pointe des Galets, le premier port de p\u00eache et de plaisance \u00e0 la R\u00e9union,\u00a0 un lieu de vie et d\u2019activit\u00e9s vari\u00e9es. Situ\u00e9 au Port Ouest, il est la \u00ab [&hellip;]<\/p>\n","protected":false},"author":1,"featured_media":0,"parent":3730,"menu_order":0,"comment_status":"closed","ping_status":"closed","template":"elementor_header_footer","meta":{"footnotes":""},"class_list":["post-25959","page","type-page","status-publish","hentry"],"yoast_head":"<!-- This site is optimized with the Yoast SEO plugin v27.4 - https:\/\/yoast.com\/product\/yoast-seo-wordpress\/ -->\n<title>Plong\u00e9e P\u00e9i au Port - Plongee Pei<\/title>\n<meta name=\"robots\" content=\"index, follow, max-snippet:-1, max-image-preview:large, max-video-preview:-1\" \/>\n<link rel=\"canonical\" href=\"https:\/\/www.plongeepei.fr\/en\/presentation\/plongee-pei-au-port\/\" \/>\n<meta property=\"og:locale\" content=\"en_GB\" \/>\n<meta property=\"og:type\" content=\"article\" \/>\n<meta property=\"og:title\" content=\"Plong\u00e9e P\u00e9i au Port - Plongee Pei\" \/>\n<meta property=\"og:description\" content=\"Plong\u00e9e Pei au Port de la Pointe des Galets Nous vous accueillons dans nos locaux au 01 rue Berthier sur la darse de plaisance de la Pointe des Galets, le premier port de p\u00eache et de plaisance \u00e0 la R\u00e9union,\u00a0 un lieu de vie et d\u2019activit\u00e9s vari\u00e9es. Situ\u00e9 au Port Ouest, il est la \u00ab [&hellip;]\" \/>\n<meta property=\"og:url\" content=\"https:\/\/www.plongeepei.fr\/en\/presentation\/plongee-pei-au-port\/\" \/>\n<meta property=\"og:site_name\" content=\"Plongee Pei\" \/>\n<meta property=\"article:publisher\" content=\"https:\/\/www.facebook.com\/plongeepei\" \/>\n<meta property=\"article:modified_time\" content=\"2025-10-08T04:12:39+00:00\" \/>\n<meta property=\"og:image\" content=\"https:\/\/www.plongeepei.fr\/wp-content\/uploads\/2025\/05\/Port-de-la-Pointe-des-Galets.jpg\" \/>\n\t<meta property=\"og:image:width\" content=\"2214\" \/>\n\t<meta property=\"og:image:height\" content=\"1138\" \/>\n\t<meta property=\"og:image:type\" content=\"image\/jpeg\" \/>\n<meta name=\"twitter:card\" content=\"summary_large_image\" \/>\n<meta name=\"twitter:label1\" content=\"Estimated reading time\" \/>\n\t<meta name=\"twitter:data1\" content=\"2 minutes\" \/>\n<script type=\"application\/ld+json\" class=\"yoast-schema-graph\">{\"@context\":\"https:\\\/\\\/schema.org\",\"@graph\":[{\"@type\":\"WebPage\",\"@id\":\"https:\\\/\\\/www.plongeepei.fr\\\/presentation\\\/plongee-pei-au-port\\\/\",\"url\":\"https:\\\/\\\/www.plongeepei.fr\\\/presentation\\\/plongee-pei-au-port\\\/\",\"name\":\"Plong\u00e9e P\u00e9i au Port - Plongee Pei\",\"isPartOf\":{\"@id\":\"https:\\\/\\\/www.plongeepei.fr\\\/#website\"},\"primaryImageOfPage\":{\"@id\":\"https:\\\/\\\/www.plongeepei.fr\\\/presentation\\\/plongee-pei-au-port\\\/#primaryimage\"},\"image\":{\"@id\":\"https:\\\/\\\/www.plongeepei.fr\\\/presentation\\\/plongee-pei-au-port\\\/#primaryimage\"},\"thumbnailUrl\":\"http:\\\/\\\/www.plongeepei.fr\\\/wp-content\\\/uploads\\\/2025\\\/05\\\/Port-de-la-Pointe-des-Galets-1024x526.jpg\",\"datePublished\":\"2024-11-25T14:20:17+00:00\",\"dateModified\":\"2025-10-08T04:12:39+00:00\",\"breadcrumb\":{\"@id\":\"https:\\\/\\\/www.plongeepei.fr\\\/presentation\\\/plongee-pei-au-port\\\/#breadcrumb\"},\"inLanguage\":\"en-GB\",\"potentialAction\":[{\"@type\":\"ReadAction\",\"target\":[\"https:\\\/\\\/www.plongeepei.fr\\\/presentation\\\/plongee-pei-au-port\\\/\"]}]},{\"@type\":\"ImageObject\",\"inLanguage\":\"en-GB\",\"@id\":\"https:\\\/\\\/www.plongeepei.fr\\\/presentation\\\/plongee-pei-au-port\\\/#primaryimage\",\"url\":\"http:\\\/\\\/www.plongeepei.fr\\\/wp-content\\\/uploads\\\/2025\\\/05\\\/Port-de-la-Pointe-des-Galets-1024x526.jpg\",\"contentUrl\":\"http:\\\/\\\/www.plongeepei.fr\\\/wp-content\\\/uploads\\\/2025\\\/05\\\/Port-de-la-Pointe-des-Galets-1024x526.jpg\"},{\"@type\":\"BreadcrumbList\",\"@id\":\"https:\\\/\\\/www.plongeepei.fr\\\/presentation\\\/plongee-pei-au-port\\\/#breadcrumb\",\"itemListElement\":[{\"@type\":\"ListItem\",\"position\":1,\"name\":\"Accueil\",\"item\":\"https:\\\/\\\/www.plongeepei.fr\\\/\"},{\"@type\":\"ListItem\",\"position\":2,\"name\":\"Le club\",\"item\":\"https:\\\/\\\/www.plongeepei.fr\\\/presentation\\\/\"},{\"@type\":\"ListItem\",\"position\":3,\"name\":\"Plong\u00e9e P\u00e9i au Port\"}]},{\"@type\":\"WebSite\",\"@id\":\"https:\\\/\\\/www.plongeepei.fr\\\/#website\",\"url\":\"https:\\\/\\\/www.plongeepei.fr\\\/\",\"name\":\"Plongee Pei\",\"description\":\"Centre de plong\u00e9e \u00e0 l&#039;\u00eele de la R\u00e9union\",\"publisher\":{\"@id\":\"https:\\\/\\\/www.plongeepei.fr\\\/#organization\"},\"potentialAction\":[{\"@type\":\"SearchAction\",\"target\":{\"@type\":\"EntryPoint\",\"urlTemplate\":\"https:\\\/\\\/www.plongeepei.fr\\\/?s={search_term_string}\"},\"query-input\":{\"@type\":\"PropertyValueSpecification\",\"valueRequired\":true,\"valueName\":\"search_term_string\"}}],\"inLanguage\":\"en-GB\"},{\"@type\":\"Organization\",\"@id\":\"https:\\\/\\\/www.plongeepei.fr\\\/#organization\",\"name\":\"Plongee Pei\",\"url\":\"https:\\\/\\\/www.plongeepei.fr\\\/\",\"logo\":{\"@type\":\"ImageObject\",\"inLanguage\":\"en-GB\",\"@id\":\"https:\\\/\\\/www.plongeepei.fr\\\/#\\\/schema\\\/logo\\\/image\\\/\",\"url\":\"https:\\\/\\\/www.plongeepei.fr\\\/wp-content\\\/uploads\\\/2023\\\/02\\\/formation-PE-40-e1711449201789.jpg\",\"contentUrl\":\"https:\\\/\\\/www.plongeepei.fr\\\/wp-content\\\/uploads\\\/2023\\\/02\\\/formation-PE-40-e1711449201789.jpg\",\"width\":1080,\"height\":806,\"caption\":\"Plongee Pei\"},\"image\":{\"@id\":\"https:\\\/\\\/www.plongeepei.fr\\\/#\\\/schema\\\/logo\\\/image\\\/\"},\"sameAs\":[\"https:\\\/\\\/www.facebook.com\\\/plongeepei\",\"https:\\\/\\\/www.instagram.com\\\/plongeepei\\\/\"]}]}<\/script>\n<!-- \/ Yoast SEO plugin. -->","yoast_head_json":{"title":"Plong\u00e9e P\u00e9i au Port - Plongee Pei","robots":{"index":"index","follow":"follow","max-snippet":"max-snippet:-1","max-image-preview":"max-image-preview:large","max-video-preview":"max-video-preview:-1"},"canonical":"https:\/\/www.plongeepei.fr\/en\/presentation\/plongee-pei-au-port\/","og_locale":"en_GB","og_type":"article","og_title":"Plong\u00e9e P\u00e9i au Port - Plongee Pei","og_description":"Plong\u00e9e Pei au Port de la Pointe des Galets Nous vous accueillons dans nos locaux au 01 rue Berthier sur la darse de plaisance de la Pointe des Galets, le premier port de p\u00eache et de plaisance \u00e0 la R\u00e9union,\u00a0 un lieu de vie et d\u2019activit\u00e9s vari\u00e9es. Situ\u00e9 au Port Ouest, il est la \u00ab [&hellip;]","og_url":"https:\/\/www.plongeepei.fr\/en\/presentation\/plongee-pei-au-port\/","og_site_name":"Plongee Pei","article_publisher":"https:\/\/www.facebook.com\/plongeepei","article_modified_time":"2025-10-08T04:12:39+00:00","og_image":[{"width":2214,"height":1138,"url":"https:\/\/www.plongeepei.fr\/wp-content\/uploads\/2025\/05\/Port-de-la-Pointe-des-Galets.jpg","type":"image\/jpeg"}],"twitter_card":"summary_large_image","twitter_misc":{"Estimated reading time":"2 minutes"},"schema":{"@context":"https:\/\/schema.org","@graph":[{"@type":"WebPage","@id":"https:\/\/www.plongeepei.fr\/presentation\/plongee-pei-au-port\/","url":"https:\/\/www.plongeepei.fr\/presentation\/plongee-pei-au-port\/","name":"Plong\u00e9e P\u00e9i au Port - Plongee Pei","isPartOf":{"@id":"https:\/\/www.plongeepei.fr\/#website"},"primaryImageOfPage":{"@id":"https:\/\/www.plongeepei.fr\/presentation\/plongee-pei-au-port\/#primaryimage"},"image":{"@id":"https:\/\/www.plongeepei.fr\/presentation\/plongee-pei-au-port\/#primaryimage"},"thumbnailUrl":"http:\/\/www.plongeepei.fr\/wp-content\/uploads\/2025\/05\/Port-de-la-Pointe-des-Galets-1024x526.jpg","datePublished":"2024-11-25T14:20:17+00:00","dateModified":"2025-10-08T04:12:39+00:00","breadcrumb":{"@id":"https:\/\/www.plongeepei.fr\/presentation\/plongee-pei-au-port\/#breadcrumb"},"inLanguage":"en-GB","potentialAction":[{"@type":"ReadAction","target":["https:\/\/www.plongeepei.fr\/presentation\/plongee-pei-au-port\/"]}]},{"@type":"ImageObject","inLanguage":"en-GB","@id":"https:\/\/www.plongeepei.fr\/presentation\/plongee-pei-au-port\/#primaryimage","url":"http:\/\/www.plongeepei.fr\/wp-content\/uploads\/2025\/05\/Port-de-la-Pointe-des-Galets-1024x526.jpg","contentUrl":"http:\/\/www.plongeepei.fr\/wp-content\/uploads\/2025\/05\/Port-de-la-Pointe-des-Galets-1024x526.jpg"},{"@type":"BreadcrumbList","@id":"https:\/\/www.plongeepei.fr\/presentation\/plongee-pei-au-port\/#breadcrumb","itemListElement":[{"@type":"ListItem","position":1,"name":"Accueil","item":"https:\/\/www.plongeepei.fr\/"},{"@type":"ListItem","position":2,"name":"Le club","item":"https:\/\/www.plongeepei.fr\/presentation\/"},{"@type":"ListItem","position":3,"name":"Plong\u00e9e P\u00e9i au Port"}]},{"@type":"WebSite","@id":"https:\/\/www.plongeepei.fr\/#website","url":"https:\/\/www.plongeepei.fr\/","name":"Pei Diving","description":"Diving center on Reunion Island","publisher":{"@id":"https:\/\/www.plongeepei.fr\/#organization"},"potentialAction":[{"@type":"SearchAction","target":{"@type":"EntryPoint","urlTemplate":"https:\/\/www.plongeepei.fr\/?s={search_term_string}"},"query-input":{"@type":"PropertyValueSpecification","valueRequired":true,"valueName":"search_term_string"}}],"inLanguage":"en-GB"},{"@type":"Organization","@id":"https:\/\/www.plongeepei.fr\/#organization","name":"Pei Diving","url":"https:\/\/www.plongeepei.fr\/","logo":{"@type":"ImageObject","inLanguage":"en-GB","@id":"https:\/\/www.plongeepei.fr\/#\/schema\/logo\/image\/","url":"https:\/\/www.plongeepei.fr\/wp-content\/uploads\/2023\/02\/formation-PE-40-e1711449201789.jpg","contentUrl":"https:\/\/www.plongeepei.fr\/wp-content\/uploads\/2023\/02\/formation-PE-40-e1711449201789.jpg","width":1080,"height":806,"caption":"Plongee Pei"},"image":{"@id":"https:\/\/www.plongeepei.fr\/#\/schema\/logo\/image\/"},"sameAs":["https:\/\/www.facebook.com\/plongeepei","https:\/\/www.instagram.com\/plongeepei\/"]}]}},"_links":{"self":[{"href":"https:\/\/www.plongeepei.fr\/en\/wp-json\/wp\/v2\/pages\/25959","targetHints":{"allow":["GET"]}}],"collection":[{"href":"https:\/\/www.plongeepei.fr\/en\/wp-json\/wp\/v2\/pages"}],"about":[{"href":"https:\/\/www.plongeepei.fr\/en\/wp-json\/wp\/v2\/types\/page"}],"author":[{"embeddable":true,"href":"https:\/\/www.plongeepei.fr\/en\/wp-json\/wp\/v2\/users\/1"}],"replies":[{"embeddable":true,"href":"https:\/\/www.plongeepei.fr\/en\/wp-json\/wp\/v2\/comments?post=25959"}],"version-history":[{"count":5,"href":"https:\/\/www.plongeepei.fr\/en\/wp-json\/wp\/v2\/pages\/25959\/revisions"}],"predecessor-version":[{"id":35953,"href":"https:\/\/www.plongeepei.fr\/en\/wp-json\/wp\/v2\/pages\/25959\/revisions\/35953"}],"up":[{"embeddable":true,"href":"https:\/\/www.plongeepei.fr\/en\/wp-json\/wp\/v2\/pages\/3730"}],"wp:attachment":[{"href":"https:\/\/www.plongeepei.fr\/en\/wp-json\/wp\/v2\/media?parent=25959"}],"curies":[{"name":"wp","href":"https:\/\/api.w.org\/{rel}","templated":true}]}}