{"id":3926,"date":"2021-05-18T11:41:07","date_gmt":"2021-05-18T07:41:07","guid":{"rendered":"https:\/\/www.plongeepei.fr\/panier\/"},"modified":"2025-04-15T21:33:10","modified_gmt":"2025-04-15T17:33:10","slug":"panier","status":"publish","type":"page","link":"https:\/\/www.plongeepei.fr\/en\/panier\/","title":{"rendered":"Basket"},"content":{"rendered":"<div data-elementor-type=\"wp-page\" data-elementor-id=\"3926\" class=\"elementor elementor-3926\" data-elementor-post-type=\"page\">\n\t\t\t\t<div class=\"elementor-element elementor-element-ce21ecc e-con-full e-flex e-con e-parent\" data-id=\"ce21ecc\" data-element_type=\"container\" data-e-type=\"container\">\n\t\t\t\t<\/div>\n\t\t\t\t<\/div>","protected":false},"excerpt":{"rendered":"<p>Delete item Miniature Product Price Quantity Subtotal \u00d7 Cetacean outing Date booked: 16\/04\/2025 Time booked: 8.30am People: 2 160,00\u20ac Quantity of Cetacean outing 160,00\u20ac Apply voucher code Basket total Subtotal 160,00\u20ac Total 160,00\u20ac Proceed to checkout<\/p>","protected":false},"author":1,"featured_media":0,"parent":0,"menu_order":0,"comment_status":"closed","ping_status":"closed","template":"elementor_header_footer","meta":{"footnotes":""},"class_list":["post-3926","page","type-page","status-publish","hentry"],"yoast_head":"<!-- This site is optimized with the Yoast SEO plugin v27.4 - https:\/\/yoast.com\/product\/yoast-seo-wordpress\/ -->\n<title>Panier - Plongee Pei<\/title>\n<meta name=\"robots\" content=\"index, follow, max-snippet:-1, max-image-preview:large, max-video-preview:-1\" \/>\n<link rel=\"canonical\" href=\"https:\/\/www.plongeepei.fr\/en\/panier\/\" \/>\n<meta property=\"og:locale\" content=\"en_GB\" \/>\n<meta property=\"og:type\" content=\"article\" \/>\n<meta property=\"og:title\" content=\"Panier - Plongee Pei\" \/>\n<meta property=\"og:description\" content=\"Supprimer l\u2019\u00e9l\u00e9ment Miniature Produit Prix Quantit\u00e9 Sous-total &times; Sortie c\u00e9tac\u00e9s Date de r\u00e9servation: 16\/04\/2025 Heure de r\u00e9servation: 8h30 Personnes: 2 160,00&euro; quantit\u00e9 de Sortie c\u00e9tac\u00e9s 160,00&euro; Appliquer le code promo Totaux du panier Sous-total 160,00&euro; Total 160,00&euro; Passer \u00e0 la commande\" \/>\n<meta property=\"og:url\" content=\"https:\/\/www.plongeepei.fr\/en\/panier\/\" \/>\n<meta property=\"og:site_name\" content=\"Plongee Pei\" \/>\n<meta property=\"article:publisher\" content=\"https:\/\/www.facebook.com\/plongeepei\" \/>\n<meta property=\"article:modified_time\" content=\"2025-04-15T17:33:10+00:00\" \/>\n<meta property=\"og:image\" content=\"http:\/\/www.plongeepei.fr\/wp-content\/uploads\/2021\/03\/baleines-385x385.jpg\" \/>\n<meta name=\"twitter:card\" content=\"summary_large_image\" \/>\n<meta name=\"twitter:label1\" content=\"Estimated reading time\" \/>\n\t<meta name=\"twitter:data1\" content=\"1 minute\" \/>\n<script type=\"application\/ld+json\" class=\"yoast-schema-graph\">{\"@context\":\"https:\\\/\\\/schema.org\",\"@graph\":[{\"@type\":\"WebPage\",\"@id\":\"https:\\\/\\\/www.plongeepei.fr\\\/panier\\\/\",\"url\":\"https:\\\/\\\/www.plongeepei.fr\\\/panier\\\/\",\"name\":\"Panier - Plongee Pei\",\"isPartOf\":{\"@id\":\"https:\\\/\\\/www.plongeepei.fr\\\/#website\"},\"primaryImageOfPage\":{\"@id\":\"https:\\\/\\\/www.plongeepei.fr\\\/panier\\\/#primaryimage\"},\"image\":{\"@id\":\"https:\\\/\\\/www.plongeepei.fr\\\/panier\\\/#primaryimage\"},\"thumbnailUrl\":\"http:\\\/\\\/www.plongeepei.fr\\\/wp-content\\\/uploads\\\/2021\\\/03\\\/baleines-385x385.jpg\",\"datePublished\":\"2021-05-18T07:41:07+00:00\",\"dateModified\":\"2025-04-15T17:33:10+00:00\",\"breadcrumb\":{\"@id\":\"https:\\\/\\\/www.plongeepei.fr\\\/panier\\\/#breadcrumb\"},\"inLanguage\":\"en-GB\",\"potentialAction\":[{\"@type\":\"ReadAction\",\"target\":[\"https:\\\/\\\/www.plongeepei.fr\\\/panier\\\/\"]}]},{\"@type\":\"ImageObject\",\"inLanguage\":\"en-GB\",\"@id\":\"https:\\\/\\\/www.plongeepei.fr\\\/panier\\\/#primaryimage\",\"url\":\"http:\\\/\\\/www.plongeepei.fr\\\/wp-content\\\/uploads\\\/2021\\\/03\\\/baleines-385x385.jpg\",\"contentUrl\":\"http:\\\/\\\/www.plongeepei.fr\\\/wp-content\\\/uploads\\\/2021\\\/03\\\/baleines-385x385.jpg\"},{\"@type\":\"BreadcrumbList\",\"@id\":\"https:\\\/\\\/www.plongeepei.fr\\\/panier\\\/#breadcrumb\",\"itemListElement\":[{\"@type\":\"ListItem\",\"position\":1,\"name\":\"Accueil\",\"item\":\"https:\\\/\\\/www.plongeepei.fr\\\/\"},{\"@type\":\"ListItem\",\"position\":2,\"name\":\"Panier\"}]},{\"@type\":\"WebSite\",\"@id\":\"https:\\\/\\\/www.plongeepei.fr\\\/#website\",\"url\":\"https:\\\/\\\/www.plongeepei.fr\\\/\",\"name\":\"Plongee Pei\",\"description\":\"Centre de plong\u00e9e \u00e0 l&#039;\u00eele de la R\u00e9union\",\"publisher\":{\"@id\":\"https:\\\/\\\/www.plongeepei.fr\\\/#organization\"},\"potentialAction\":[{\"@type\":\"SearchAction\",\"target\":{\"@type\":\"EntryPoint\",\"urlTemplate\":\"https:\\\/\\\/www.plongeepei.fr\\\/?s={search_term_string}\"},\"query-input\":{\"@type\":\"PropertyValueSpecification\",\"valueRequired\":true,\"valueName\":\"search_term_string\"}}],\"inLanguage\":\"en-GB\"},{\"@type\":\"Organization\",\"@id\":\"https:\\\/\\\/www.plongeepei.fr\\\/#organization\",\"name\":\"Plongee Pei\",\"url\":\"https:\\\/\\\/www.plongeepei.fr\\\/\",\"logo\":{\"@type\":\"ImageObject\",\"inLanguage\":\"en-GB\",\"@id\":\"https:\\\/\\\/www.plongeepei.fr\\\/#\\\/schema\\\/logo\\\/image\\\/\",\"url\":\"https:\\\/\\\/www.plongeepei.fr\\\/wp-content\\\/uploads\\\/2023\\\/02\\\/formation-PE-40-e1711449201789.jpg\",\"contentUrl\":\"https:\\\/\\\/www.plongeepei.fr\\\/wp-content\\\/uploads\\\/2023\\\/02\\\/formation-PE-40-e1711449201789.jpg\",\"width\":1080,\"height\":806,\"caption\":\"Plongee Pei\"},\"image\":{\"@id\":\"https:\\\/\\\/www.plongeepei.fr\\\/#\\\/schema\\\/logo\\\/image\\\/\"},\"sameAs\":[\"https:\\\/\\\/www.facebook.com\\\/plongeepei\",\"https:\\\/\\\/www.instagram.com\\\/plongeepei\\\/\"]}]}<\/script>\n<!-- \/ Yoast SEO plugin. -->","yoast_head_json":{"title":"Basket - Plongee Pei","robots":{"index":"index","follow":"follow","max-snippet":"max-snippet:-1","max-image-preview":"max-image-preview:large","max-video-preview":"max-video-preview:-1"},"canonical":"https:\/\/www.plongeepei.fr\/en\/panier\/","og_locale":"en_GB","og_type":"article","og_title":"Panier - Plongee Pei","og_description":"Supprimer l\u2019\u00e9l\u00e9ment Miniature Produit Prix Quantit\u00e9 Sous-total &times; Sortie c\u00e9tac\u00e9s Date de r\u00e9servation: 16\/04\/2025 Heure de r\u00e9servation: 8h30 Personnes: 2 160,00&euro; quantit\u00e9 de Sortie c\u00e9tac\u00e9s 160,00&euro; Appliquer le code promo Totaux du panier Sous-total 160,00&euro; Total 160,00&euro; Passer \u00e0 la commande","og_url":"https:\/\/www.plongeepei.fr\/en\/panier\/","og_site_name":"Plongee Pei","article_publisher":"https:\/\/www.facebook.com\/plongeepei","article_modified_time":"2025-04-15T17:33:10+00:00","og_image":[{"url":"http:\/\/www.plongeepei.fr\/wp-content\/uploads\/2021\/03\/baleines-385x385.jpg","type":"","width":"","height":""}],"twitter_card":"summary_large_image","twitter_misc":{"Estimated reading time":"1 minute"},"schema":{"@context":"https:\/\/schema.org","@graph":[{"@type":"WebPage","@id":"https:\/\/www.plongeepei.fr\/panier\/","url":"https:\/\/www.plongeepei.fr\/panier\/","name":"Basket - Plongee Pei","isPartOf":{"@id":"https:\/\/www.plongeepei.fr\/#website"},"primaryImageOfPage":{"@id":"https:\/\/www.plongeepei.fr\/panier\/#primaryimage"},"image":{"@id":"https:\/\/www.plongeepei.fr\/panier\/#primaryimage"},"thumbnailUrl":"http:\/\/www.plongeepei.fr\/wp-content\/uploads\/2021\/03\/baleines-385x385.jpg","datePublished":"2021-05-18T07:41:07+00:00","dateModified":"2025-04-15T17:33:10+00:00","breadcrumb":{"@id":"https:\/\/www.plongeepei.fr\/panier\/#breadcrumb"},"inLanguage":"en-GB","potentialAction":[{"@type":"ReadAction","target":["https:\/\/www.plongeepei.fr\/panier\/"]}]},{"@type":"ImageObject","inLanguage":"en-GB","@id":"https:\/\/www.plongeepei.fr\/panier\/#primaryimage","url":"http:\/\/www.plongeepei.fr\/wp-content\/uploads\/2021\/03\/baleines-385x385.jpg","contentUrl":"http:\/\/www.plongeepei.fr\/wp-content\/uploads\/2021\/03\/baleines-385x385.jpg"},{"@type":"BreadcrumbList","@id":"https:\/\/www.plongeepei.fr\/panier\/#breadcrumb","itemListElement":[{"@type":"ListItem","position":1,"name":"Accueil","item":"https:\/\/www.plongeepei.fr\/"},{"@type":"ListItem","position":2,"name":"Panier"}]},{"@type":"WebSite","@id":"https:\/\/www.plongeepei.fr\/#website","url":"https:\/\/www.plongeepei.fr\/","name":"Pei Diving","description":"Diving center on Reunion Island","publisher":{"@id":"https:\/\/www.plongeepei.fr\/#organization"},"potentialAction":[{"@type":"SearchAction","target":{"@type":"EntryPoint","urlTemplate":"https:\/\/www.plongeepei.fr\/?s={search_term_string}"},"query-input":{"@type":"PropertyValueSpecification","valueRequired":true,"valueName":"search_term_string"}}],"inLanguage":"en-GB"},{"@type":"Organization","@id":"https:\/\/www.plongeepei.fr\/#organization","name":"Pei Diving","url":"https:\/\/www.plongeepei.fr\/","logo":{"@type":"ImageObject","inLanguage":"en-GB","@id":"https:\/\/www.plongeepei.fr\/#\/schema\/logo\/image\/","url":"https:\/\/www.plongeepei.fr\/wp-content\/uploads\/2023\/02\/formation-PE-40-e1711449201789.jpg","contentUrl":"https:\/\/www.plongeepei.fr\/wp-content\/uploads\/2023\/02\/formation-PE-40-e1711449201789.jpg","width":1080,"height":806,"caption":"Plongee Pei"},"image":{"@id":"https:\/\/www.plongeepei.fr\/#\/schema\/logo\/image\/"},"sameAs":["https:\/\/www.facebook.com\/plongeepei","https:\/\/www.instagram.com\/plongeepei\/"]}]}},"_links":{"self":[{"href":"https:\/\/www.plongeepei.fr\/en\/wp-json\/wp\/v2\/pages\/3926","targetHints":{"allow":["GET"]}}],"collection":[{"href":"https:\/\/www.plongeepei.fr\/en\/wp-json\/wp\/v2\/pages"}],"about":[{"href":"https:\/\/www.plongeepei.fr\/en\/wp-json\/wp\/v2\/types\/page"}],"author":[{"embeddable":true,"href":"https:\/\/www.plongeepei.fr\/en\/wp-json\/wp\/v2\/users\/1"}],"replies":[{"embeddable":true,"href":"https:\/\/www.plongeepei.fr\/en\/wp-json\/wp\/v2\/comments?post=3926"}],"version-history":[{"count":5,"href":"https:\/\/www.plongeepei.fr\/en\/wp-json\/wp\/v2\/pages\/3926\/revisions"}],"predecessor-version":[{"id":29750,"href":"https:\/\/www.plongeepei.fr\/en\/wp-json\/wp\/v2\/pages\/3926\/revisions\/29750"}],"wp:attachment":[{"href":"https:\/\/www.plongeepei.fr\/en\/wp-json\/wp\/v2\/media?parent=3926"}],"curies":[{"name":"wp","href":"https:\/\/api.w.org\/{rel}","templated":true}]}}