{"id":29348,"date":"2025-04-15T15:28:39","date_gmt":"2025-04-15T11:28:39","guid":{"rendered":"https:\/\/www.plongeepei.fr\/?post_type=product&#038;p=29348"},"modified":"2026-04-15T09:33:18","modified_gmt":"2026-04-15T05:33:18","slug":"sortie-cetaces-depuis-le-port-de-la-pointe-des-galets","status":"publish","type":"product","link":"https:\/\/www.plongeepei.fr\/en\/product\/sortie-cetaces-depuis-le-port-de-la-pointe-des-galets\/","title":{"rendered":"Cetacean excursion from the Port de la Pointe des Galets"},"content":{"rendered":"<div><\/div>\n<hr \/>\n<p>&nbsp;<\/p>\n<h4><span style=\"color: #ffffff;\"><strong>The meeting takes place directly at the port of Pointe des Galets (Commune du Port 97420)<\/strong><\/span><\/h4>\n<p><span style=\"color: #ffffff;\">We will welcome you with the club vehicle and all the necessary equipment.<\/span><\/p>\n<p><iframe style=\"border: 0;\" src=\"https:\/\/www.google.com\/maps\/embed?pb=!1m18!1m12!1m3!1d3726.2138384593864!2d55.282084!3d-20.943925999999998!2m3!1f0!2f0!3f0!3m2!1i1024!2i768!4f13.1!3m3!1m2!1s0x0%3A0xa61327fb304590ff!2zMjDCsDU2JzM4LjEiUyA1NcKwMTYnNTUuNSJF!5e0!3m2!1sen!2sfr!4v1673284981977!5m2!1sen!2sfr\" width=\"1200\" height=\"500\" allowfullscreen=\"allowfullscreen\"><\/iframe><\/p>\n<hr \/>\n<p>&nbsp;<\/p>\n<p style=\"text-align: center;\"><span style=\"color: #ff0000;\">Cancellation policy:\u00a0<\/span><\/p>\n<p style=\"text-align: center;\"><span style=\"color: #ff0000;\">After the 72-hour notice period, we will not be able to respond favorably to a refund or postponement of the service.<\/span><br \/>\n<span style=\"color: #ff0000;\">Written wording by email is requested with the order number.<\/span><br \/>\n<span style=\"color: #ff0000;\">(info@plongeepei.fr)<\/span><br \/>\n<span style=\"color: #ff0000;\">The reservation is not nominative, you therefore have the possibility of being replaced by a third person.<\/span><\/p>\n<p style=\"text-align: center;\"><span style=\"color: #ff0000;\">In the event of cancellation on our part due to unfavorable weather, we can reschedule the outing or refund you.<\/span><\/p>","protected":false},"excerpt":{"rendered":"<h1 style=\"text-align: center;\"><span style=\"color: #ffffff;\">Book a cetacean trip<\/span><\/h1>\n<p style=\"text-align: center;\"><span style=\"color: #ffffff;\">From the port of Pointe des Galets (Commune Le Port)<\/span><\/p>\n<hr \/>\n<p style=\"text-align: center;\"><span style=\"color: #ffffff;\"><strong>Before any reservation please ensure that you have mastered the use of fins, mask and snorkel. <\/strong><\/span><\/p>\n<p style=\"text-align: center;\"><span style=\"color: #ffffff;\"><strong>For your safety, entering the water with cetaceans is only done with the agreement of the professional instructor leading the outing.<\/strong><\/span><\/p>\n<p style=\"text-align: center;\"><span style=\"color: #ffffff;\">Thank you for your understanding.<\/span><span style=\"color: #ffffff;\">tension.<\/span><\/p>\n<hr \/>\n<div><\/div>","protected":false},"featured_media":3270,"template":"","meta":[],"product_brand":[],"product_cat":[15],"product_tag":[175],"class_list":{"0":"post-29348","1":"product","2":"type-product","3":"status-publish","4":"has-post-thumbnail","6":"product_cat-sorties","7":"product_tag-cetaces","9":"first","10":"instock","11":"virtual","12":"sold-individually","13":"purchasable","14":"product-type-booking"},"yoast_head":"<!-- This site is optimized with the Yoast SEO plugin v27.4 - https:\/\/yoast.com\/product\/yoast-seo-wordpress\/ -->\n<title>Sortie c\u00e9tac\u00e9s depuis le Port de la Pointe des Galets - Plongee Pei<\/title>\n<meta name=\"robots\" content=\"index, follow, max-snippet:-1, max-image-preview:large, max-video-preview:-1\" \/>\n<link rel=\"canonical\" href=\"https:\/\/www.plongeepei.fr\/en\/product\/sortie-cetaces-depuis-le-port-de-la-pointe-des-galets\/\" \/>\n<meta property=\"og:locale\" content=\"en_GB\" \/>\n<meta property=\"og:type\" content=\"article\" \/>\n<meta property=\"og:title\" content=\"Sortie c\u00e9tac\u00e9s depuis le Port de la Pointe des Galets - Plongee Pei\" \/>\n<meta property=\"og:description\" content=\"R\u00e9server une sortie c\u00e9tac\u00e9s Au d\u00e9part du port de la pointe des galets (Commune Le Port)    Avant toute r\u00e9servation veuillez vous assurer de maitriser l&#039;utilisation des palmes, du masque et du tuba.  Pour votre s\u00e9curit\u00e9 la mise \u00e0 l&#039;eau avec les c\u00e9tac\u00e9s se fait uniquement avec l&#039;accord du moniteur professionnel qui dirige la sortie. Merci de votre compr\u00e9hension.\" \/>\n<meta property=\"og:url\" content=\"https:\/\/www.plongeepei.fr\/en\/product\/sortie-cetaces-depuis-le-port-de-la-pointe-des-galets\/\" \/>\n<meta property=\"og:site_name\" content=\"Plongee Pei\" \/>\n<meta property=\"article:publisher\" content=\"https:\/\/www.facebook.com\/plongeepei\" \/>\n<meta property=\"article:modified_time\" content=\"2026-04-15T05:33:18+00:00\" \/>\n<meta property=\"og:image\" content=\"http:\/\/www.plongeepei.fr\/wp-content\/uploads\/2025\/04\/auto-scaled.jpg\" \/>\n\t<meta property=\"og:image:width\" content=\"1707\" \/>\n\t<meta property=\"og:image:height\" content=\"2560\" \/>\n\t<meta property=\"og:image:type\" content=\"image\/jpeg\" \/>\n<meta name=\"twitter:card\" content=\"summary_large_image\" \/>\n<meta name=\"twitter:label1\" content=\"Estimated reading time\" \/>\n\t<meta name=\"twitter:data1\" content=\"1 minute\" \/>\n<script type=\"application\/ld+json\" class=\"yoast-schema-graph\">{\"@context\":\"https:\\\/\\\/schema.org\",\"@graph\":[{\"@type\":\"WebPage\",\"@id\":\"https:\\\/\\\/www.plongeepei.fr\\\/product\\\/sortie-cetaces-depuis-le-port-de-la-pointe-des-galets\\\/\",\"url\":\"https:\\\/\\\/www.plongeepei.fr\\\/product\\\/sortie-cetaces-depuis-le-port-de-la-pointe-des-galets\\\/\",\"name\":\"Sortie c\u00e9tac\u00e9s depuis le Port de la Pointe des Galets - Plongee Pei\",\"isPartOf\":{\"@id\":\"https:\\\/\\\/www.plongeepei.fr\\\/#website\"},\"primaryImageOfPage\":{\"@id\":\"https:\\\/\\\/www.plongeepei.fr\\\/product\\\/sortie-cetaces-depuis-le-port-de-la-pointe-des-galets\\\/#primaryimage\"},\"image\":{\"@id\":\"https:\\\/\\\/www.plongeepei.fr\\\/product\\\/sortie-cetaces-depuis-le-port-de-la-pointe-des-galets\\\/#primaryimage\"},\"thumbnailUrl\":\"https:\\\/\\\/www.plongeepei.fr\\\/wp-content\\\/uploads\\\/2021\\\/03\\\/baleines.jpg\",\"datePublished\":\"2025-04-15T11:28:39+00:00\",\"dateModified\":\"2026-04-15T05:33:18+00:00\",\"breadcrumb\":{\"@id\":\"https:\\\/\\\/www.plongeepei.fr\\\/product\\\/sortie-cetaces-depuis-le-port-de-la-pointe-des-galets\\\/#breadcrumb\"},\"inLanguage\":\"en-GB\",\"potentialAction\":[{\"@type\":\"ReadAction\",\"target\":[\"https:\\\/\\\/www.plongeepei.fr\\\/product\\\/sortie-cetaces-depuis-le-port-de-la-pointe-des-galets\\\/\"]}]},{\"@type\":\"ImageObject\",\"inLanguage\":\"en-GB\",\"@id\":\"https:\\\/\\\/www.plongeepei.fr\\\/product\\\/sortie-cetaces-depuis-le-port-de-la-pointe-des-galets\\\/#primaryimage\",\"url\":\"https:\\\/\\\/www.plongeepei.fr\\\/wp-content\\\/uploads\\\/2021\\\/03\\\/baleines.jpg\",\"contentUrl\":\"https:\\\/\\\/www.plongeepei.fr\\\/wp-content\\\/uploads\\\/2021\\\/03\\\/baleines.jpg\",\"width\":1319,\"height\":1319,\"caption\":\"baleines \u00e0 bosse et dauphins\"},{\"@type\":\"BreadcrumbList\",\"@id\":\"https:\\\/\\\/www.plongeepei.fr\\\/product\\\/sortie-cetaces-depuis-le-port-de-la-pointe-des-galets\\\/#breadcrumb\",\"itemListElement\":[{\"@type\":\"ListItem\",\"position\":1,\"name\":\"Accueil\",\"item\":\"https:\\\/\\\/www.plongeepei.fr\\\/\"},{\"@type\":\"ListItem\",\"position\":2,\"name\":\"Produits\",\"item\":\"https:\\\/\\\/www.plongeepei.fr\\\/shop\\\/\"},{\"@type\":\"ListItem\",\"position\":3,\"name\":\"Sortie c\u00e9tac\u00e9s depuis le Port de la Pointe des Galets\"}]},{\"@type\":\"WebSite\",\"@id\":\"https:\\\/\\\/www.plongeepei.fr\\\/#website\",\"url\":\"https:\\\/\\\/www.plongeepei.fr\\\/\",\"name\":\"Plongee Pei\",\"description\":\"Centre de plong\u00e9e \u00e0 l&#039;\u00eele de la R\u00e9union\",\"publisher\":{\"@id\":\"https:\\\/\\\/www.plongeepei.fr\\\/#organization\"},\"potentialAction\":[{\"@type\":\"SearchAction\",\"target\":{\"@type\":\"EntryPoint\",\"urlTemplate\":\"https:\\\/\\\/www.plongeepei.fr\\\/?s={search_term_string}\"},\"query-input\":{\"@type\":\"PropertyValueSpecification\",\"valueRequired\":true,\"valueName\":\"search_term_string\"}}],\"inLanguage\":\"en-GB\"},{\"@type\":\"Organization\",\"@id\":\"https:\\\/\\\/www.plongeepei.fr\\\/#organization\",\"name\":\"Plongee Pei\",\"url\":\"https:\\\/\\\/www.plongeepei.fr\\\/\",\"logo\":{\"@type\":\"ImageObject\",\"inLanguage\":\"en-GB\",\"@id\":\"https:\\\/\\\/www.plongeepei.fr\\\/#\\\/schema\\\/logo\\\/image\\\/\",\"url\":\"https:\\\/\\\/www.plongeepei.fr\\\/wp-content\\\/uploads\\\/2023\\\/02\\\/formation-PE-40-e1711449201789.jpg\",\"contentUrl\":\"https:\\\/\\\/www.plongeepei.fr\\\/wp-content\\\/uploads\\\/2023\\\/02\\\/formation-PE-40-e1711449201789.jpg\",\"width\":1080,\"height\":806,\"caption\":\"Plongee Pei\"},\"image\":{\"@id\":\"https:\\\/\\\/www.plongeepei.fr\\\/#\\\/schema\\\/logo\\\/image\\\/\"},\"sameAs\":[\"https:\\\/\\\/www.facebook.com\\\/plongeepei\",\"https:\\\/\\\/www.instagram.com\\\/plongeepei\\\/\"]}]}<\/script>\n<!-- \/ Yoast SEO plugin. -->","yoast_head_json":{"title":"Cetacean outing from the Port de la Pointe des Galets - Plongee Pei","robots":{"index":"index","follow":"follow","max-snippet":"max-snippet:-1","max-image-preview":"max-image-preview:large","max-video-preview":"max-video-preview:-1"},"canonical":"https:\/\/www.plongeepei.fr\/en\/product\/sortie-cetaces-depuis-le-port-de-la-pointe-des-galets\/","og_locale":"en_GB","og_type":"article","og_title":"Sortie c\u00e9tac\u00e9s depuis le Port de la Pointe des Galets - Plongee Pei","og_description":"R\u00e9server une sortie c\u00e9tac\u00e9s Au d\u00e9part du port de la pointe des galets (Commune Le Port)    Avant toute r\u00e9servation veuillez vous assurer de maitriser l'utilisation des palmes, du masque et du tuba.  Pour votre s\u00e9curit\u00e9 la mise \u00e0 l'eau avec les c\u00e9tac\u00e9s se fait uniquement avec l'accord du moniteur professionnel qui dirige la sortie. Merci de votre compr\u00e9hension.","og_url":"https:\/\/www.plongeepei.fr\/en\/product\/sortie-cetaces-depuis-le-port-de-la-pointe-des-galets\/","og_site_name":"Plongee Pei","article_publisher":"https:\/\/www.facebook.com\/plongeepei","article_modified_time":"2026-04-15T05:33:18+00:00","og_image":[{"width":1707,"height":2560,"url":"http:\/\/www.plongeepei.fr\/wp-content\/uploads\/2025\/04\/auto-scaled.jpg","type":"image\/jpeg"}],"twitter_card":"summary_large_image","twitter_misc":{"Estimated reading time":"1 minute"},"schema":{"@context":"https:\/\/schema.org","@graph":[{"@type":"WebPage","@id":"https:\/\/www.plongeepei.fr\/product\/sortie-cetaces-depuis-le-port-de-la-pointe-des-galets\/","url":"https:\/\/www.plongeepei.fr\/product\/sortie-cetaces-depuis-le-port-de-la-pointe-des-galets\/","name":"Cetacean outing from the Port de la Pointe des Galets - Plongee Pei","isPartOf":{"@id":"https:\/\/www.plongeepei.fr\/#website"},"primaryImageOfPage":{"@id":"https:\/\/www.plongeepei.fr\/product\/sortie-cetaces-depuis-le-port-de-la-pointe-des-galets\/#primaryimage"},"image":{"@id":"https:\/\/www.plongeepei.fr\/product\/sortie-cetaces-depuis-le-port-de-la-pointe-des-galets\/#primaryimage"},"thumbnailUrl":"https:\/\/www.plongeepei.fr\/wp-content\/uploads\/2021\/03\/baleines.jpg","datePublished":"2025-04-15T11:28:39+00:00","dateModified":"2026-04-15T05:33:18+00:00","breadcrumb":{"@id":"https:\/\/www.plongeepei.fr\/product\/sortie-cetaces-depuis-le-port-de-la-pointe-des-galets\/#breadcrumb"},"inLanguage":"en-GB","potentialAction":[{"@type":"ReadAction","target":["https:\/\/www.plongeepei.fr\/product\/sortie-cetaces-depuis-le-port-de-la-pointe-des-galets\/"]}]},{"@type":"ImageObject","inLanguage":"en-GB","@id":"https:\/\/www.plongeepei.fr\/product\/sortie-cetaces-depuis-le-port-de-la-pointe-des-galets\/#primaryimage","url":"https:\/\/www.plongeepei.fr\/wp-content\/uploads\/2021\/03\/baleines.jpg","contentUrl":"https:\/\/www.plongeepei.fr\/wp-content\/uploads\/2021\/03\/baleines.jpg","width":1319,"height":1319,"caption":"baleines \u00e0 bosse et dauphins"},{"@type":"BreadcrumbList","@id":"https:\/\/www.plongeepei.fr\/product\/sortie-cetaces-depuis-le-port-de-la-pointe-des-galets\/#breadcrumb","itemListElement":[{"@type":"ListItem","position":1,"name":"Accueil","item":"https:\/\/www.plongeepei.fr\/"},{"@type":"ListItem","position":2,"name":"Produits","item":"https:\/\/www.plongeepei.fr\/shop\/"},{"@type":"ListItem","position":3,"name":"Sortie c\u00e9tac\u00e9s depuis le Port de la Pointe des Galets"}]},{"@type":"WebSite","@id":"https:\/\/www.plongeepei.fr\/#website","url":"https:\/\/www.plongeepei.fr\/","name":"Pei Diving","description":"Diving center on Reunion Island","publisher":{"@id":"https:\/\/www.plongeepei.fr\/#organization"},"potentialAction":[{"@type":"SearchAction","target":{"@type":"EntryPoint","urlTemplate":"https:\/\/www.plongeepei.fr\/?s={search_term_string}"},"query-input":{"@type":"PropertyValueSpecification","valueRequired":true,"valueName":"search_term_string"}}],"inLanguage":"en-GB"},{"@type":"Organization","@id":"https:\/\/www.plongeepei.fr\/#organization","name":"Pei Diving","url":"https:\/\/www.plongeepei.fr\/","logo":{"@type":"ImageObject","inLanguage":"en-GB","@id":"https:\/\/www.plongeepei.fr\/#\/schema\/logo\/image\/","url":"https:\/\/www.plongeepei.fr\/wp-content\/uploads\/2023\/02\/formation-PE-40-e1711449201789.jpg","contentUrl":"https:\/\/www.plongeepei.fr\/wp-content\/uploads\/2023\/02\/formation-PE-40-e1711449201789.jpg","width":1080,"height":806,"caption":"Plongee Pei"},"image":{"@id":"https:\/\/www.plongeepei.fr\/#\/schema\/logo\/image\/"},"sameAs":["https:\/\/www.facebook.com\/plongeepei","https:\/\/www.instagram.com\/plongeepei\/"]}]}},"_links":{"self":[{"href":"https:\/\/www.plongeepei.fr\/en\/wp-json\/wp\/v2\/product\/29348","targetHints":{"allow":["GET"]}}],"collection":[{"href":"https:\/\/www.plongeepei.fr\/en\/wp-json\/wp\/v2\/product"}],"about":[{"href":"https:\/\/www.plongeepei.fr\/en\/wp-json\/wp\/v2\/types\/product"}],"wp:featuredmedia":[{"embeddable":true,"href":"https:\/\/www.plongeepei.fr\/en\/wp-json\/wp\/v2\/media\/3270"}],"wp:attachment":[{"href":"https:\/\/www.plongeepei.fr\/en\/wp-json\/wp\/v2\/media?parent=29348"}],"wp:term":[{"taxonomy":"product_brand","embeddable":true,"href":"https:\/\/www.plongeepei.fr\/en\/wp-json\/wp\/v2\/product_brand?post=29348"},{"taxonomy":"product_cat","embeddable":true,"href":"https:\/\/www.plongeepei.fr\/en\/wp-json\/wp\/v2\/product_cat?post=29348"},{"taxonomy":"product_tag","embeddable":true,"href":"https:\/\/www.plongeepei.fr\/en\/wp-json\/wp\/v2\/product_tag?post=29348"}],"curies":[{"name":"wp","href":"https:\/\/api.w.org\/{rel}","templated":true}]}}