{"id":30185,"date":"2020-04-17T19:15:28","date_gmt":"2020-04-17T15:15:28","guid":{"rendered":"https:\/\/www.plongeepei.fr\/?post_type=product&#038;p=30185"},"modified":"2026-03-23T17:39:58","modified_gmt":"2026-03-23T13:39:58","slug":"double-plongee-depuis-saint-leu","status":"publish","type":"product","link":"https:\/\/www.plongeepei.fr\/en\/product\/double-plongee-depuis-saint-leu\/","title":{"rendered":"Double dive from Saint Leu"},"content":{"rendered":"<div>\n<div style=\"text-align: center;\"><\/div>\n<div><strong>Double diving or Two Tanks Dive, another way to organize great dives in Reunion.<\/strong><\/div>\n<p>Double diving or how to enjoy twice as much: Our experience of diving abroad leads us to other ways of diving and in particular the double dive over half a day...<\/p>\n<\/div>\n<div><\/div>\n<div>\n<div><strong>Reserved for certified divers (accessible from level 1)<\/strong>, it involves doing two successive dives in half a day!<\/div>\n<div>Departure 8:30 a.m., return around 12:30 p.m.<\/div>\n<div><span style=\"font-size: 1rem; letter-spacing: 0.38px;\">You will discover 2 different dive sites and you keep the rest of the day for your loved ones or to discover our magnificent island!<\/span><\/div>\n<div><\/div>\n<div>\n<div id=\"m_-3688167047750284598gmail-viewer-2aebr\">\n<p>Small group guaranteed with a maximum of 4 divers per outing and snack included between the 2 dives.<\/p>\n<\/div>\n<\/div>\n<div>\n<p style=\"text-align: center;\">\n<\/div>\n<\/div>\n<p><iframe style=\"border: 0;\" src=\"https:\/\/www.google.com\/maps\/embed?pb=!1m18!1m12!1m3!1d3726.2138384593864!2d55.282084!3d-20.943925999999998!2m3!1f0!2f0!3f0!3m2!1i1024!2i768!4f13.1!3m3!1m2!1s0x0%3A0xa61327fb304590ff!2zMjDCsDU2JzM4LjEiUyA1NcKwMTYnNTUuNSJF!5e0!3m2!1sen!2sfr!4v1673284981977!5m2!1sen!2sfr\" width=\"1200\" height=\"500\" allowfullscreen=\"allowfullscreen\"><\/iframe><\/p>\n<div style=\"text-align: center;\">\n<div>\n<hr \/>\n<\/div>\n<div><\/div>\n<div style=\"text-align: center;\"><span style=\"color: #ff0000; font-family: tahoma, sans-serif;\"><strong>Cancellation policy:<\/strong><strong>\u00a0<\/strong><\/span><\/div>\n<div style=\"text-align: center;\"><span style=\"color: #ff0000; font-family: tahoma, sans-serif;\">\u00a0<\/span><\/div>\n<div style=\"text-align: center;\"><span style=\"color: #ff0000; font-family: tahoma, sans-serif;\">After the 72-hour notice period, we will not be able to respond favorably to a refund or postponement of the service.\u00a0<\/span><\/div>\n<div style=\"text-align: center;\"><span style=\"color: #ff0000; font-family: tahoma, sans-serif;\">Written wording by email is requested with the order number.<\/span><\/div>\n<div style=\"text-align: center;\"><span style=\"color: #ff0000;\">(info@plongeepei.fr)<\/span><\/div>\n<div style=\"text-align: center;\"><\/div>\n<div style=\"text-align: center;\"><span style=\"color: #ff0000;\">The reservation is not nominative, you therefore have the possibility of being replaced by a third person of an equivalent level.<\/span><\/div>\n<p style=\"text-align: center;\"><span style=\"color: #ff0000;\">In the event of cancellation on our part due to bad weather, we can either postpone the outing or we will refund you.<\/span><\/p>\n<p style=\"text-align: center;\"><span style=\"color: #ff0000;\">Also be careful not to book a dive 12 hours before a plane flight.<\/span><\/p>\n<\/div>","protected":false},"excerpt":{"rendered":"<h1 style=\"text-align: center;\">Book a double dive trip<\/h1>\n<p style=\"text-align: center;\">Departing from the port of Pointe des Galets (Commune Le Port).<\/p>\n<p>&nbsp;<\/p>","protected":false},"featured_media":26220,"template":"","meta":[],"product_brand":[],"product_cat":[15],"product_tag":[182],"class_list":{"0":"post-30185","1":"product","2":"type-product","3":"status-publish","4":"has-post-thumbnail","6":"product_cat-sorties","7":"product_tag-double-saint-leu","9":"first","10":"instock","11":"virtual","12":"sold-individually","13":"purchasable","14":"product-type-booking"},"yoast_head":"<!-- This site is optimized with the Yoast SEO plugin v27.4 - https:\/\/yoast.com\/product\/yoast-seo-wordpress\/ -->\n<title>Double plong\u00e9e depuis Saint Leu - Plongee Pei<\/title>\n<meta name=\"robots\" content=\"index, follow, max-snippet:-1, max-image-preview:large, max-video-preview:-1\" \/>\n<link rel=\"canonical\" href=\"https:\/\/www.plongeepei.fr\/en\/product\/double-plongee-depuis-saint-leu\/\" \/>\n<meta property=\"og:locale\" content=\"en_GB\" \/>\n<meta property=\"og:type\" content=\"article\" \/>\n<meta property=\"og:title\" content=\"Double plong\u00e9e depuis Saint Leu - Plongee Pei\" \/>\n<meta property=\"og:description\" content=\"R\u00e9server une sortie double plong\u00e9e Au d\u00e9part du port de la pointe des galets (Commune Le Port). &nbsp;\" \/>\n<meta property=\"og:url\" content=\"https:\/\/www.plongeepei.fr\/en\/product\/double-plongee-depuis-saint-leu\/\" \/>\n<meta property=\"og:site_name\" content=\"Plongee Pei\" \/>\n<meta property=\"article:publisher\" content=\"https:\/\/www.facebook.com\/plongeepei\" \/>\n<meta property=\"article:modified_time\" content=\"2026-03-23T13:39:58+00:00\" \/>\n<meta property=\"og:image\" content=\"http:\/\/www.plongeepei.fr\/wp-content\/uploads\/2024\/11\/site-internet-2-scaled.jpg\" \/>\n\t<meta property=\"og:image:width\" content=\"2000\" \/>\n\t<meta property=\"og:image:height\" content=\"2000\" \/>\n\t<meta property=\"og:image:type\" content=\"image\/jpeg\" \/>\n<meta name=\"twitter:card\" content=\"summary_large_image\" \/>\n<meta name=\"twitter:label1\" content=\"Estimated reading time\" \/>\n\t<meta name=\"twitter:data1\" content=\"2 minutes\" \/>\n<script type=\"application\/ld+json\" class=\"yoast-schema-graph\">{\"@context\":\"https:\\\/\\\/schema.org\",\"@graph\":[{\"@type\":\"WebPage\",\"@id\":\"https:\\\/\\\/www.plongeepei.fr\\\/product\\\/double-plongee-depuis-saint-leu\\\/\",\"url\":\"https:\\\/\\\/www.plongeepei.fr\\\/product\\\/double-plongee-depuis-saint-leu\\\/\",\"name\":\"Double plong\u00e9e depuis Saint Leu - Plongee Pei\",\"isPartOf\":{\"@id\":\"https:\\\/\\\/www.plongeepei.fr\\\/#website\"},\"primaryImageOfPage\":{\"@id\":\"https:\\\/\\\/www.plongeepei.fr\\\/product\\\/double-plongee-depuis-saint-leu\\\/#primaryimage\"},\"image\":{\"@id\":\"https:\\\/\\\/www.plongeepei.fr\\\/product\\\/double-plongee-depuis-saint-leu\\\/#primaryimage\"},\"thumbnailUrl\":\"https:\\\/\\\/www.plongeepei.fr\\\/wp-content\\\/uploads\\\/2024\\\/11\\\/site-internet-2-scaled.jpg\",\"datePublished\":\"2020-04-17T15:15:28+00:00\",\"dateModified\":\"2026-03-23T13:39:58+00:00\",\"breadcrumb\":{\"@id\":\"https:\\\/\\\/www.plongeepei.fr\\\/product\\\/double-plongee-depuis-saint-leu\\\/#breadcrumb\"},\"inLanguage\":\"en-GB\",\"potentialAction\":[{\"@type\":\"ReadAction\",\"target\":[\"https:\\\/\\\/www.plongeepei.fr\\\/product\\\/double-plongee-depuis-saint-leu\\\/\"]}]},{\"@type\":\"ImageObject\",\"inLanguage\":\"en-GB\",\"@id\":\"https:\\\/\\\/www.plongeepei.fr\\\/product\\\/double-plongee-depuis-saint-leu\\\/#primaryimage\",\"url\":\"https:\\\/\\\/www.plongeepei.fr\\\/wp-content\\\/uploads\\\/2024\\\/11\\\/site-internet-2-scaled.jpg\",\"contentUrl\":\"https:\\\/\\\/www.plongeepei.fr\\\/wp-content\\\/uploads\\\/2024\\\/11\\\/site-internet-2-scaled.jpg\",\"width\":2000,\"height\":2000,\"caption\":\"Plong\u00e9e P\u00e9\u00ef\"},{\"@type\":\"BreadcrumbList\",\"@id\":\"https:\\\/\\\/www.plongeepei.fr\\\/product\\\/double-plongee-depuis-saint-leu\\\/#breadcrumb\",\"itemListElement\":[{\"@type\":\"ListItem\",\"position\":1,\"name\":\"Accueil\",\"item\":\"https:\\\/\\\/www.plongeepei.fr\\\/\"},{\"@type\":\"ListItem\",\"position\":2,\"name\":\"Produits\",\"item\":\"https:\\\/\\\/www.plongeepei.fr\\\/shop\\\/\"},{\"@type\":\"ListItem\",\"position\":3,\"name\":\"Double plong\u00e9e depuis Saint Leu\"}]},{\"@type\":\"WebSite\",\"@id\":\"https:\\\/\\\/www.plongeepei.fr\\\/#website\",\"url\":\"https:\\\/\\\/www.plongeepei.fr\\\/\",\"name\":\"Plongee Pei\",\"description\":\"Centre de plong\u00e9e \u00e0 l&#039;\u00eele de la R\u00e9union\",\"publisher\":{\"@id\":\"https:\\\/\\\/www.plongeepei.fr\\\/#organization\"},\"potentialAction\":[{\"@type\":\"SearchAction\",\"target\":{\"@type\":\"EntryPoint\",\"urlTemplate\":\"https:\\\/\\\/www.plongeepei.fr\\\/?s={search_term_string}\"},\"query-input\":{\"@type\":\"PropertyValueSpecification\",\"valueRequired\":true,\"valueName\":\"search_term_string\"}}],\"inLanguage\":\"en-GB\"},{\"@type\":\"Organization\",\"@id\":\"https:\\\/\\\/www.plongeepei.fr\\\/#organization\",\"name\":\"Plongee Pei\",\"url\":\"https:\\\/\\\/www.plongeepei.fr\\\/\",\"logo\":{\"@type\":\"ImageObject\",\"inLanguage\":\"en-GB\",\"@id\":\"https:\\\/\\\/www.plongeepei.fr\\\/#\\\/schema\\\/logo\\\/image\\\/\",\"url\":\"https:\\\/\\\/www.plongeepei.fr\\\/wp-content\\\/uploads\\\/2023\\\/02\\\/formation-PE-40-e1711449201789.jpg\",\"contentUrl\":\"https:\\\/\\\/www.plongeepei.fr\\\/wp-content\\\/uploads\\\/2023\\\/02\\\/formation-PE-40-e1711449201789.jpg\",\"width\":1080,\"height\":806,\"caption\":\"Plongee Pei\"},\"image\":{\"@id\":\"https:\\\/\\\/www.plongeepei.fr\\\/#\\\/schema\\\/logo\\\/image\\\/\"},\"sameAs\":[\"https:\\\/\\\/www.facebook.com\\\/plongeepei\",\"https:\\\/\\\/www.instagram.com\\\/plongeepei\\\/\"]}]}<\/script>\n<!-- \/ Yoast SEO plugin. -->","yoast_head_json":{"title":"Double dive from Saint Leu - Plongee Pei","robots":{"index":"index","follow":"follow","max-snippet":"max-snippet:-1","max-image-preview":"max-image-preview:large","max-video-preview":"max-video-preview:-1"},"canonical":"https:\/\/www.plongeepei.fr\/en\/product\/double-plongee-depuis-saint-leu\/","og_locale":"en_GB","og_type":"article","og_title":"Double plong\u00e9e depuis Saint Leu - Plongee Pei","og_description":"R\u00e9server une sortie double plong\u00e9e Au d\u00e9part du port de la pointe des galets (Commune Le Port). &nbsp;","og_url":"https:\/\/www.plongeepei.fr\/en\/product\/double-plongee-depuis-saint-leu\/","og_site_name":"Plongee Pei","article_publisher":"https:\/\/www.facebook.com\/plongeepei","article_modified_time":"2026-03-23T13:39:58+00:00","og_image":[{"width":2000,"height":2000,"url":"http:\/\/www.plongeepei.fr\/wp-content\/uploads\/2024\/11\/site-internet-2-scaled.jpg","type":"image\/jpeg"}],"twitter_card":"summary_large_image","twitter_misc":{"Estimated reading time":"2 minutes"},"schema":{"@context":"https:\/\/schema.org","@graph":[{"@type":"WebPage","@id":"https:\/\/www.plongeepei.fr\/product\/double-plongee-depuis-saint-leu\/","url":"https:\/\/www.plongeepei.fr\/product\/double-plongee-depuis-saint-leu\/","name":"Double dive from Saint Leu - Plongee Pei","isPartOf":{"@id":"https:\/\/www.plongeepei.fr\/#website"},"primaryImageOfPage":{"@id":"https:\/\/www.plongeepei.fr\/product\/double-plongee-depuis-saint-leu\/#primaryimage"},"image":{"@id":"https:\/\/www.plongeepei.fr\/product\/double-plongee-depuis-saint-leu\/#primaryimage"},"thumbnailUrl":"https:\/\/www.plongeepei.fr\/wp-content\/uploads\/2024\/11\/site-internet-2-scaled.jpg","datePublished":"2020-04-17T15:15:28+00:00","dateModified":"2026-03-23T13:39:58+00:00","breadcrumb":{"@id":"https:\/\/www.plongeepei.fr\/product\/double-plongee-depuis-saint-leu\/#breadcrumb"},"inLanguage":"en-GB","potentialAction":[{"@type":"ReadAction","target":["https:\/\/www.plongeepei.fr\/product\/double-plongee-depuis-saint-leu\/"]}]},{"@type":"ImageObject","inLanguage":"en-GB","@id":"https:\/\/www.plongeepei.fr\/product\/double-plongee-depuis-saint-leu\/#primaryimage","url":"https:\/\/www.plongeepei.fr\/wp-content\/uploads\/2024\/11\/site-internet-2-scaled.jpg","contentUrl":"https:\/\/www.plongeepei.fr\/wp-content\/uploads\/2024\/11\/site-internet-2-scaled.jpg","width":2000,"height":2000,"caption":"Plong\u00e9e P\u00e9\u00ef"},{"@type":"BreadcrumbList","@id":"https:\/\/www.plongeepei.fr\/product\/double-plongee-depuis-saint-leu\/#breadcrumb","itemListElement":[{"@type":"ListItem","position":1,"name":"Accueil","item":"https:\/\/www.plongeepei.fr\/"},{"@type":"ListItem","position":2,"name":"Produits","item":"https:\/\/www.plongeepei.fr\/shop\/"},{"@type":"ListItem","position":3,"name":"Double plong\u00e9e depuis Saint Leu"}]},{"@type":"WebSite","@id":"https:\/\/www.plongeepei.fr\/#website","url":"https:\/\/www.plongeepei.fr\/","name":"Pei Diving","description":"Diving center on Reunion Island","publisher":{"@id":"https:\/\/www.plongeepei.fr\/#organization"},"potentialAction":[{"@type":"SearchAction","target":{"@type":"EntryPoint","urlTemplate":"https:\/\/www.plongeepei.fr\/?s={search_term_string}"},"query-input":{"@type":"PropertyValueSpecification","valueRequired":true,"valueName":"search_term_string"}}],"inLanguage":"en-GB"},{"@type":"Organization","@id":"https:\/\/www.plongeepei.fr\/#organization","name":"Pei Diving","url":"https:\/\/www.plongeepei.fr\/","logo":{"@type":"ImageObject","inLanguage":"en-GB","@id":"https:\/\/www.plongeepei.fr\/#\/schema\/logo\/image\/","url":"https:\/\/www.plongeepei.fr\/wp-content\/uploads\/2023\/02\/formation-PE-40-e1711449201789.jpg","contentUrl":"https:\/\/www.plongeepei.fr\/wp-content\/uploads\/2023\/02\/formation-PE-40-e1711449201789.jpg","width":1080,"height":806,"caption":"Plongee Pei"},"image":{"@id":"https:\/\/www.plongeepei.fr\/#\/schema\/logo\/image\/"},"sameAs":["https:\/\/www.facebook.com\/plongeepei","https:\/\/www.instagram.com\/plongeepei\/"]}]}},"_links":{"self":[{"href":"https:\/\/www.plongeepei.fr\/en\/wp-json\/wp\/v2\/product\/30185","targetHints":{"allow":["GET"]}}],"collection":[{"href":"https:\/\/www.plongeepei.fr\/en\/wp-json\/wp\/v2\/product"}],"about":[{"href":"https:\/\/www.plongeepei.fr\/en\/wp-json\/wp\/v2\/types\/product"}],"wp:featuredmedia":[{"embeddable":true,"href":"https:\/\/www.plongeepei.fr\/en\/wp-json\/wp\/v2\/media\/26220"}],"wp:attachment":[{"href":"https:\/\/www.plongeepei.fr\/en\/wp-json\/wp\/v2\/media?parent=30185"}],"wp:term":[{"taxonomy":"product_brand","embeddable":true,"href":"https:\/\/www.plongeepei.fr\/en\/wp-json\/wp\/v2\/product_brand?post=30185"},{"taxonomy":"product_cat","embeddable":true,"href":"https:\/\/www.plongeepei.fr\/en\/wp-json\/wp\/v2\/product_cat?post=30185"},{"taxonomy":"product_tag","embeddable":true,"href":"https:\/\/www.plongeepei.fr\/en\/wp-json\/wp\/v2\/product_tag?post=30185"}],"curies":[{"name":"wp","href":"https:\/\/api.w.org\/{rel}","templated":true}]}}