{"id":4352,"date":"2022-01-27T12:51:57","date_gmt":"2022-01-27T08:51:57","guid":{"rendered":"https:\/\/www.plongeepei.fr\/?post_type=product&#038;p=4352"},"modified":"2025-06-24T18:35:59","modified_gmt":"2025-06-24T14:35:59","slug":"bon-pour-une-sortie-cetaces","status":"publish","type":"product","link":"https:\/\/www.plongeepei.fr\/en\/product\/bon-pour-une-sortie-cetaces\/","title":{"rendered":"Gift voucher for a cetacean outing"},"content":{"rendered":"<p><span style=\"color: #ffffff;\">Outing to discover cetaceans.<\/span><\/p>\n<p><span style=\"color: #ffffff;\">Underwater observation of humpback whales from June to October and dolphins all year round.<\/span><\/p>","protected":false},"excerpt":{"rendered":"<p>An unforgettable gift!<\/p>","protected":false},"featured_media":3270,"template":"","meta":[],"product_brand":[],"product_cat":[154],"product_tag":[],"class_list":{"0":"post-4352","1":"product","2":"type-product","3":"status-publish","4":"has-post-thumbnail","6":"product_cat-1-bon-cadeau","8":"first","9":"instock","10":"downloadable","11":"virtual","12":"purchasable","13":"product-type-simple"},"yoast_head":"<!-- This site is optimized with the Yoast SEO plugin v27.4 - https:\/\/yoast.com\/product\/yoast-seo-wordpress\/ -->\n<title>Bon cadeau pour une sortie c\u00e9tac\u00e9s - Plongee Pei<\/title>\n<meta name=\"robots\" content=\"index, follow, max-snippet:-1, max-image-preview:large, max-video-preview:-1\" \/>\n<link rel=\"canonical\" href=\"https:\/\/www.plongeepei.fr\/en\/product\/bon-pour-une-sortie-cetaces\/\" \/>\n<meta property=\"og:locale\" content=\"en_GB\" \/>\n<meta property=\"og:type\" content=\"article\" \/>\n<meta property=\"og:title\" content=\"Bon cadeau pour une sortie c\u00e9tac\u00e9s - Plongee Pei\" \/>\n<meta property=\"og:description\" content=\"Un cadeau inoubliable!\" \/>\n<meta property=\"og:url\" content=\"https:\/\/www.plongeepei.fr\/en\/product\/bon-pour-une-sortie-cetaces\/\" \/>\n<meta property=\"og:site_name\" content=\"Plongee Pei\" \/>\n<meta property=\"article:publisher\" content=\"https:\/\/www.facebook.com\/plongeepei\" \/>\n<meta property=\"article:modified_time\" content=\"2025-06-24T14:35:59+00:00\" \/>\n<meta property=\"og:image\" content=\"http:\/\/www.plongeepei.fr\/wp-content\/uploads\/2021\/03\/baleines.jpg\" \/>\n\t<meta property=\"og:image:width\" content=\"1319\" \/>\n\t<meta property=\"og:image:height\" content=\"1319\" \/>\n\t<meta property=\"og:image:type\" content=\"image\/jpeg\" \/>\n<meta name=\"twitter:card\" content=\"summary_large_image\" \/>\n<meta name=\"twitter:label1\" content=\"Estimated reading time\" \/>\n\t<meta name=\"twitter:data1\" content=\"1 minute\" \/>\n<script type=\"application\/ld+json\" class=\"yoast-schema-graph\">{\"@context\":\"https:\\\/\\\/schema.org\",\"@graph\":[{\"@type\":\"WebPage\",\"@id\":\"https:\\\/\\\/www.plongeepei.fr\\\/product\\\/bon-pour-une-sortie-cetaces\\\/\",\"url\":\"https:\\\/\\\/www.plongeepei.fr\\\/product\\\/bon-pour-une-sortie-cetaces\\\/\",\"name\":\"Bon cadeau pour une sortie c\u00e9tac\u00e9s - Plongee Pei\",\"isPartOf\":{\"@id\":\"https:\\\/\\\/www.plongeepei.fr\\\/#website\"},\"primaryImageOfPage\":{\"@id\":\"https:\\\/\\\/www.plongeepei.fr\\\/product\\\/bon-pour-une-sortie-cetaces\\\/#primaryimage\"},\"image\":{\"@id\":\"https:\\\/\\\/www.plongeepei.fr\\\/product\\\/bon-pour-une-sortie-cetaces\\\/#primaryimage\"},\"thumbnailUrl\":\"https:\\\/\\\/www.plongeepei.fr\\\/wp-content\\\/uploads\\\/2021\\\/03\\\/baleines.jpg\",\"datePublished\":\"2022-01-27T08:51:57+00:00\",\"dateModified\":\"2025-06-24T14:35:59+00:00\",\"breadcrumb\":{\"@id\":\"https:\\\/\\\/www.plongeepei.fr\\\/product\\\/bon-pour-une-sortie-cetaces\\\/#breadcrumb\"},\"inLanguage\":\"en-GB\",\"potentialAction\":[{\"@type\":\"ReadAction\",\"target\":[\"https:\\\/\\\/www.plongeepei.fr\\\/product\\\/bon-pour-une-sortie-cetaces\\\/\"]}]},{\"@type\":\"ImageObject\",\"inLanguage\":\"en-GB\",\"@id\":\"https:\\\/\\\/www.plongeepei.fr\\\/product\\\/bon-pour-une-sortie-cetaces\\\/#primaryimage\",\"url\":\"https:\\\/\\\/www.plongeepei.fr\\\/wp-content\\\/uploads\\\/2021\\\/03\\\/baleines.jpg\",\"contentUrl\":\"https:\\\/\\\/www.plongeepei.fr\\\/wp-content\\\/uploads\\\/2021\\\/03\\\/baleines.jpg\",\"width\":1319,\"height\":1319,\"caption\":\"baleines \u00e0 bosse et dauphins\"},{\"@type\":\"BreadcrumbList\",\"@id\":\"https:\\\/\\\/www.plongeepei.fr\\\/product\\\/bon-pour-une-sortie-cetaces\\\/#breadcrumb\",\"itemListElement\":[{\"@type\":\"ListItem\",\"position\":1,\"name\":\"Accueil\",\"item\":\"https:\\\/\\\/www.plongeepei.fr\\\/\"},{\"@type\":\"ListItem\",\"position\":2,\"name\":\"Produits\",\"item\":\"https:\\\/\\\/www.plongeepei.fr\\\/shop\\\/\"},{\"@type\":\"ListItem\",\"position\":3,\"name\":\"Bon cadeau pour une sortie c\u00e9tac\u00e9s\"}]},{\"@type\":\"WebSite\",\"@id\":\"https:\\\/\\\/www.plongeepei.fr\\\/#website\",\"url\":\"https:\\\/\\\/www.plongeepei.fr\\\/\",\"name\":\"Plongee Pei\",\"description\":\"Centre de plong\u00e9e \u00e0 l&#039;\u00eele de la R\u00e9union\",\"publisher\":{\"@id\":\"https:\\\/\\\/www.plongeepei.fr\\\/#organization\"},\"potentialAction\":[{\"@type\":\"SearchAction\",\"target\":{\"@type\":\"EntryPoint\",\"urlTemplate\":\"https:\\\/\\\/www.plongeepei.fr\\\/?s={search_term_string}\"},\"query-input\":{\"@type\":\"PropertyValueSpecification\",\"valueRequired\":true,\"valueName\":\"search_term_string\"}}],\"inLanguage\":\"en-GB\"},{\"@type\":\"Organization\",\"@id\":\"https:\\\/\\\/www.plongeepei.fr\\\/#organization\",\"name\":\"Plongee Pei\",\"url\":\"https:\\\/\\\/www.plongeepei.fr\\\/\",\"logo\":{\"@type\":\"ImageObject\",\"inLanguage\":\"en-GB\",\"@id\":\"https:\\\/\\\/www.plongeepei.fr\\\/#\\\/schema\\\/logo\\\/image\\\/\",\"url\":\"https:\\\/\\\/www.plongeepei.fr\\\/wp-content\\\/uploads\\\/2023\\\/02\\\/formation-PE-40-e1711449201789.jpg\",\"contentUrl\":\"https:\\\/\\\/www.plongeepei.fr\\\/wp-content\\\/uploads\\\/2023\\\/02\\\/formation-PE-40-e1711449201789.jpg\",\"width\":1080,\"height\":806,\"caption\":\"Plongee Pei\"},\"image\":{\"@id\":\"https:\\\/\\\/www.plongeepei.fr\\\/#\\\/schema\\\/logo\\\/image\\\/\"},\"sameAs\":[\"https:\\\/\\\/www.facebook.com\\\/plongeepei\",\"https:\\\/\\\/www.instagram.com\\\/plongeepei\\\/\"]}]}<\/script>\n<!-- \/ Yoast SEO plugin. -->","yoast_head_json":{"title":"Gift voucher for a cetacean outing - Plongee Pei","robots":{"index":"index","follow":"follow","max-snippet":"max-snippet:-1","max-image-preview":"max-image-preview:large","max-video-preview":"max-video-preview:-1"},"canonical":"https:\/\/www.plongeepei.fr\/en\/product\/bon-pour-une-sortie-cetaces\/","og_locale":"en_GB","og_type":"article","og_title":"Bon cadeau pour une sortie c\u00e9tac\u00e9s - Plongee Pei","og_description":"Un cadeau inoubliable!","og_url":"https:\/\/www.plongeepei.fr\/en\/product\/bon-pour-une-sortie-cetaces\/","og_site_name":"Plongee Pei","article_publisher":"https:\/\/www.facebook.com\/plongeepei","article_modified_time":"2025-06-24T14:35:59+00:00","og_image":[{"width":1319,"height":1319,"url":"http:\/\/www.plongeepei.fr\/wp-content\/uploads\/2021\/03\/baleines.jpg","type":"image\/jpeg"}],"twitter_card":"summary_large_image","twitter_misc":{"Estimated reading time":"1 minute"},"schema":{"@context":"https:\/\/schema.org","@graph":[{"@type":"WebPage","@id":"https:\/\/www.plongeepei.fr\/product\/bon-pour-une-sortie-cetaces\/","url":"https:\/\/www.plongeepei.fr\/product\/bon-pour-une-sortie-cetaces\/","name":"Gift voucher for a cetacean outing - Plongee Pei","isPartOf":{"@id":"https:\/\/www.plongeepei.fr\/#website"},"primaryImageOfPage":{"@id":"https:\/\/www.plongeepei.fr\/product\/bon-pour-une-sortie-cetaces\/#primaryimage"},"image":{"@id":"https:\/\/www.plongeepei.fr\/product\/bon-pour-une-sortie-cetaces\/#primaryimage"},"thumbnailUrl":"https:\/\/www.plongeepei.fr\/wp-content\/uploads\/2021\/03\/baleines.jpg","datePublished":"2022-01-27T08:51:57+00:00","dateModified":"2025-06-24T14:35:59+00:00","breadcrumb":{"@id":"https:\/\/www.plongeepei.fr\/product\/bon-pour-une-sortie-cetaces\/#breadcrumb"},"inLanguage":"en-GB","potentialAction":[{"@type":"ReadAction","target":["https:\/\/www.plongeepei.fr\/product\/bon-pour-une-sortie-cetaces\/"]}]},{"@type":"ImageObject","inLanguage":"en-GB","@id":"https:\/\/www.plongeepei.fr\/product\/bon-pour-une-sortie-cetaces\/#primaryimage","url":"https:\/\/www.plongeepei.fr\/wp-content\/uploads\/2021\/03\/baleines.jpg","contentUrl":"https:\/\/www.plongeepei.fr\/wp-content\/uploads\/2021\/03\/baleines.jpg","width":1319,"height":1319,"caption":"baleines \u00e0 bosse et dauphins"},{"@type":"BreadcrumbList","@id":"https:\/\/www.plongeepei.fr\/product\/bon-pour-une-sortie-cetaces\/#breadcrumb","itemListElement":[{"@type":"ListItem","position":1,"name":"Accueil","item":"https:\/\/www.plongeepei.fr\/"},{"@type":"ListItem","position":2,"name":"Produits","item":"https:\/\/www.plongeepei.fr\/shop\/"},{"@type":"ListItem","position":3,"name":"Bon cadeau pour une sortie c\u00e9tac\u00e9s"}]},{"@type":"WebSite","@id":"https:\/\/www.plongeepei.fr\/#website","url":"https:\/\/www.plongeepei.fr\/","name":"Pei Diving","description":"Diving center on Reunion Island","publisher":{"@id":"https:\/\/www.plongeepei.fr\/#organization"},"potentialAction":[{"@type":"SearchAction","target":{"@type":"EntryPoint","urlTemplate":"https:\/\/www.plongeepei.fr\/?s={search_term_string}"},"query-input":{"@type":"PropertyValueSpecification","valueRequired":true,"valueName":"search_term_string"}}],"inLanguage":"en-GB"},{"@type":"Organization","@id":"https:\/\/www.plongeepei.fr\/#organization","name":"Pei Diving","url":"https:\/\/www.plongeepei.fr\/","logo":{"@type":"ImageObject","inLanguage":"en-GB","@id":"https:\/\/www.plongeepei.fr\/#\/schema\/logo\/image\/","url":"https:\/\/www.plongeepei.fr\/wp-content\/uploads\/2023\/02\/formation-PE-40-e1711449201789.jpg","contentUrl":"https:\/\/www.plongeepei.fr\/wp-content\/uploads\/2023\/02\/formation-PE-40-e1711449201789.jpg","width":1080,"height":806,"caption":"Plongee Pei"},"image":{"@id":"https:\/\/www.plongeepei.fr\/#\/schema\/logo\/image\/"},"sameAs":["https:\/\/www.facebook.com\/plongeepei","https:\/\/www.instagram.com\/plongeepei\/"]}]}},"_links":{"self":[{"href":"https:\/\/www.plongeepei.fr\/en\/wp-json\/wp\/v2\/product\/4352","targetHints":{"allow":["GET"]}}],"collection":[{"href":"https:\/\/www.plongeepei.fr\/en\/wp-json\/wp\/v2\/product"}],"about":[{"href":"https:\/\/www.plongeepei.fr\/en\/wp-json\/wp\/v2\/types\/product"}],"wp:featuredmedia":[{"embeddable":true,"href":"https:\/\/www.plongeepei.fr\/en\/wp-json\/wp\/v2\/media\/3270"}],"wp:attachment":[{"href":"https:\/\/www.plongeepei.fr\/en\/wp-json\/wp\/v2\/media?parent=4352"}],"wp:term":[{"taxonomy":"product_brand","embeddable":true,"href":"https:\/\/www.plongeepei.fr\/en\/wp-json\/wp\/v2\/product_brand?post=4352"},{"taxonomy":"product_cat","embeddable":true,"href":"https:\/\/www.plongeepei.fr\/en\/wp-json\/wp\/v2\/product_cat?post=4352"},{"taxonomy":"product_tag","embeddable":true,"href":"https:\/\/www.plongeepei.fr\/en\/wp-json\/wp\/v2\/product_tag?post=4352"}],"curies":[{"name":"wp","href":"https:\/\/api.w.org\/{rel}","templated":true}]}}