{"id":4357,"date":"2022-01-27T12:57:46","date_gmt":"2022-01-27T08:57:46","guid":{"rendered":"https:\/\/www.plongeepei.fr\/?post_type=product&#038;p=4357"},"modified":"2025-06-24T18:35:59","modified_gmt":"2025-06-24T14:35:59","slug":"bon-pour-une-formation-de-niveau-1","status":"publish","type":"product","link":"https:\/\/www.plongeepei.fr\/en\/product\/bon-pour-une-formation-de-niveau-1\/","title":{"rendered":"Gift voucher for level 1 training"},"content":{"rendered":"<p>Level 1 training in 5 sessions including dive logbook, theoretical exam and certification card.<\/p>\n<p>(Medical certificate required)<\/p>\n<div id=\"malwarebytes-root\"><\/div>","protected":false},"excerpt":{"rendered":"<p><span style=\"color: #ffffff;\">Offer him the first certification training!<\/span><\/p>\n<p>&nbsp;<\/p>","protected":false},"featured_media":14420,"template":"","meta":[],"product_brand":[],"product_cat":[154],"product_tag":[],"class_list":{"0":"post-4357","1":"product","2":"type-product","3":"status-publish","4":"has-post-thumbnail","6":"product_cat-1-bon-cadeau","8":"first","9":"instock","10":"downloadable","11":"virtual","12":"purchasable","13":"product-type-simple"},"yoast_head":"<!-- This site is optimized with the Yoast SEO plugin v27.4 - https:\/\/yoast.com\/product\/yoast-seo-wordpress\/ -->\n<title>Bon cadeau pour une formation de niveau 1 - Plongee Pei<\/title>\n<meta name=\"robots\" content=\"index, follow, max-snippet:-1, max-image-preview:large, max-video-preview:-1\" \/>\n<link rel=\"canonical\" href=\"https:\/\/www.plongeepei.fr\/en\/product\/bon-pour-une-formation-de-niveau-1\/\" \/>\n<meta property=\"og:locale\" content=\"en_GB\" \/>\n<meta property=\"og:type\" content=\"article\" \/>\n<meta property=\"og:title\" content=\"Bon cadeau pour une formation de niveau 1 - Plongee Pei\" \/>\n<meta property=\"og:description\" content=\"Offrez lui la premi\u00e8re formation certificative!  &nbsp;\" \/>\n<meta property=\"og:url\" content=\"https:\/\/www.plongeepei.fr\/en\/product\/bon-pour-une-formation-de-niveau-1\/\" \/>\n<meta property=\"og:site_name\" content=\"Plongee Pei\" \/>\n<meta property=\"article:publisher\" content=\"https:\/\/www.facebook.com\/plongeepei\" \/>\n<meta property=\"article:modified_time\" content=\"2025-06-24T14:35:59+00:00\" \/>\n<meta property=\"og:image\" content=\"http:\/\/www.plongeepei.fr\/wp-content\/uploads\/2023\/10\/Plongee-Pei-Plongee-8.jpg\" \/>\n\t<meta property=\"og:image:width\" content=\"400\" \/>\n\t<meta property=\"og:image:height\" content=\"400\" \/>\n\t<meta property=\"og:image:type\" content=\"image\/jpeg\" \/>\n<meta name=\"twitter:card\" content=\"summary_large_image\" \/>\n<meta name=\"twitter:label1\" content=\"Estimated reading time\" \/>\n\t<meta name=\"twitter:data1\" content=\"1 minute\" \/>\n<script type=\"application\/ld+json\" class=\"yoast-schema-graph\">{\"@context\":\"https:\\\/\\\/schema.org\",\"@graph\":[{\"@type\":\"WebPage\",\"@id\":\"https:\\\/\\\/www.plongeepei.fr\\\/product\\\/bon-pour-une-formation-de-niveau-1\\\/\",\"url\":\"https:\\\/\\\/www.plongeepei.fr\\\/product\\\/bon-pour-une-formation-de-niveau-1\\\/\",\"name\":\"Bon cadeau pour une formation de niveau 1 - Plongee Pei\",\"isPartOf\":{\"@id\":\"https:\\\/\\\/www.plongeepei.fr\\\/#website\"},\"primaryImageOfPage\":{\"@id\":\"https:\\\/\\\/www.plongeepei.fr\\\/product\\\/bon-pour-une-formation-de-niveau-1\\\/#primaryimage\"},\"image\":{\"@id\":\"https:\\\/\\\/www.plongeepei.fr\\\/product\\\/bon-pour-une-formation-de-niveau-1\\\/#primaryimage\"},\"thumbnailUrl\":\"https:\\\/\\\/www.plongeepei.fr\\\/wp-content\\\/uploads\\\/2023\\\/10\\\/Plongee-Pei-Plongee-8.jpg\",\"datePublished\":\"2022-01-27T08:57:46+00:00\",\"dateModified\":\"2025-06-24T14:35:59+00:00\",\"breadcrumb\":{\"@id\":\"https:\\\/\\\/www.plongeepei.fr\\\/product\\\/bon-pour-une-formation-de-niveau-1\\\/#breadcrumb\"},\"inLanguage\":\"en-GB\",\"potentialAction\":[{\"@type\":\"ReadAction\",\"target\":[\"https:\\\/\\\/www.plongeepei.fr\\\/product\\\/bon-pour-une-formation-de-niveau-1\\\/\"]}]},{\"@type\":\"ImageObject\",\"inLanguage\":\"en-GB\",\"@id\":\"https:\\\/\\\/www.plongeepei.fr\\\/product\\\/bon-pour-une-formation-de-niveau-1\\\/#primaryimage\",\"url\":\"https:\\\/\\\/www.plongeepei.fr\\\/wp-content\\\/uploads\\\/2023\\\/10\\\/Plongee-Pei-Plongee-8.jpg\",\"contentUrl\":\"https:\\\/\\\/www.plongeepei.fr\\\/wp-content\\\/uploads\\\/2023\\\/10\\\/Plongee-Pei-Plongee-8.jpg\",\"width\":400,\"height\":400},{\"@type\":\"BreadcrumbList\",\"@id\":\"https:\\\/\\\/www.plongeepei.fr\\\/product\\\/bon-pour-une-formation-de-niveau-1\\\/#breadcrumb\",\"itemListElement\":[{\"@type\":\"ListItem\",\"position\":1,\"name\":\"Accueil\",\"item\":\"https:\\\/\\\/www.plongeepei.fr\\\/\"},{\"@type\":\"ListItem\",\"position\":2,\"name\":\"Produits\",\"item\":\"https:\\\/\\\/www.plongeepei.fr\\\/shop\\\/\"},{\"@type\":\"ListItem\",\"position\":3,\"name\":\"Bon cadeau pour une formation de niveau 1\"}]},{\"@type\":\"WebSite\",\"@id\":\"https:\\\/\\\/www.plongeepei.fr\\\/#website\",\"url\":\"https:\\\/\\\/www.plongeepei.fr\\\/\",\"name\":\"Plongee Pei\",\"description\":\"Centre de plong\u00e9e \u00e0 l&#039;\u00eele de la R\u00e9union\",\"publisher\":{\"@id\":\"https:\\\/\\\/www.plongeepei.fr\\\/#organization\"},\"potentialAction\":[{\"@type\":\"SearchAction\",\"target\":{\"@type\":\"EntryPoint\",\"urlTemplate\":\"https:\\\/\\\/www.plongeepei.fr\\\/?s={search_term_string}\"},\"query-input\":{\"@type\":\"PropertyValueSpecification\",\"valueRequired\":true,\"valueName\":\"search_term_string\"}}],\"inLanguage\":\"en-GB\"},{\"@type\":\"Organization\",\"@id\":\"https:\\\/\\\/www.plongeepei.fr\\\/#organization\",\"name\":\"Plongee Pei\",\"url\":\"https:\\\/\\\/www.plongeepei.fr\\\/\",\"logo\":{\"@type\":\"ImageObject\",\"inLanguage\":\"en-GB\",\"@id\":\"https:\\\/\\\/www.plongeepei.fr\\\/#\\\/schema\\\/logo\\\/image\\\/\",\"url\":\"https:\\\/\\\/www.plongeepei.fr\\\/wp-content\\\/uploads\\\/2023\\\/02\\\/formation-PE-40-e1711449201789.jpg\",\"contentUrl\":\"https:\\\/\\\/www.plongeepei.fr\\\/wp-content\\\/uploads\\\/2023\\\/02\\\/formation-PE-40-e1711449201789.jpg\",\"width\":1080,\"height\":806,\"caption\":\"Plongee Pei\"},\"image\":{\"@id\":\"https:\\\/\\\/www.plongeepei.fr\\\/#\\\/schema\\\/logo\\\/image\\\/\"},\"sameAs\":[\"https:\\\/\\\/www.facebook.com\\\/plongeepei\",\"https:\\\/\\\/www.instagram.com\\\/plongeepei\\\/\"]}]}<\/script>\n<!-- \/ Yoast SEO plugin. -->","yoast_head_json":{"title":"Bon cadeau pour une formation de niveau 1 - Plongee Pei","robots":{"index":"index","follow":"follow","max-snippet":"max-snippet:-1","max-image-preview":"max-image-preview:large","max-video-preview":"max-video-preview:-1"},"canonical":"https:\/\/www.plongeepei.fr\/en\/product\/bon-pour-une-formation-de-niveau-1\/","og_locale":"en_GB","og_type":"article","og_title":"Bon cadeau pour une formation de niveau 1 - Plongee Pei","og_description":"Offrez lui la premi\u00e8re formation certificative!  &nbsp;","og_url":"https:\/\/www.plongeepei.fr\/en\/product\/bon-pour-une-formation-de-niveau-1\/","og_site_name":"Plongee Pei","article_publisher":"https:\/\/www.facebook.com\/plongeepei","article_modified_time":"2025-06-24T14:35:59+00:00","og_image":[{"width":400,"height":400,"url":"http:\/\/www.plongeepei.fr\/wp-content\/uploads\/2023\/10\/Plongee-Pei-Plongee-8.jpg","type":"image\/jpeg"}],"twitter_card":"summary_large_image","twitter_misc":{"Estimated reading time":"1 minute"},"schema":{"@context":"https:\/\/schema.org","@graph":[{"@type":"WebPage","@id":"https:\/\/www.plongeepei.fr\/product\/bon-pour-une-formation-de-niveau-1\/","url":"https:\/\/www.plongeepei.fr\/product\/bon-pour-une-formation-de-niveau-1\/","name":"Bon cadeau pour une formation de niveau 1 - Plongee Pei","isPartOf":{"@id":"https:\/\/www.plongeepei.fr\/#website"},"primaryImageOfPage":{"@id":"https:\/\/www.plongeepei.fr\/product\/bon-pour-une-formation-de-niveau-1\/#primaryimage"},"image":{"@id":"https:\/\/www.plongeepei.fr\/product\/bon-pour-une-formation-de-niveau-1\/#primaryimage"},"thumbnailUrl":"https:\/\/www.plongeepei.fr\/wp-content\/uploads\/2023\/10\/Plongee-Pei-Plongee-8.jpg","datePublished":"2022-01-27T08:57:46+00:00","dateModified":"2025-06-24T14:35:59+00:00","breadcrumb":{"@id":"https:\/\/www.plongeepei.fr\/product\/bon-pour-une-formation-de-niveau-1\/#breadcrumb"},"inLanguage":"en-GB","potentialAction":[{"@type":"ReadAction","target":["https:\/\/www.plongeepei.fr\/product\/bon-pour-une-formation-de-niveau-1\/"]}]},{"@type":"ImageObject","inLanguage":"en-GB","@id":"https:\/\/www.plongeepei.fr\/product\/bon-pour-une-formation-de-niveau-1\/#primaryimage","url":"https:\/\/www.plongeepei.fr\/wp-content\/uploads\/2023\/10\/Plongee-Pei-Plongee-8.jpg","contentUrl":"https:\/\/www.plongeepei.fr\/wp-content\/uploads\/2023\/10\/Plongee-Pei-Plongee-8.jpg","width":400,"height":400},{"@type":"BreadcrumbList","@id":"https:\/\/www.plongeepei.fr\/product\/bon-pour-une-formation-de-niveau-1\/#breadcrumb","itemListElement":[{"@type":"ListItem","position":1,"name":"Accueil","item":"https:\/\/www.plongeepei.fr\/"},{"@type":"ListItem","position":2,"name":"Produits","item":"https:\/\/www.plongeepei.fr\/shop\/"},{"@type":"ListItem","position":3,"name":"Bon cadeau pour une formation de niveau 1"}]},{"@type":"WebSite","@id":"https:\/\/www.plongeepei.fr\/#website","url":"https:\/\/www.plongeepei.fr\/","name":"Pei Diving","description":"Diving center on Reunion Island","publisher":{"@id":"https:\/\/www.plongeepei.fr\/#organization"},"potentialAction":[{"@type":"SearchAction","target":{"@type":"EntryPoint","urlTemplate":"https:\/\/www.plongeepei.fr\/?s={search_term_string}"},"query-input":{"@type":"PropertyValueSpecification","valueRequired":true,"valueName":"search_term_string"}}],"inLanguage":"en-GB"},{"@type":"Organization","@id":"https:\/\/www.plongeepei.fr\/#organization","name":"Pei Diving","url":"https:\/\/www.plongeepei.fr\/","logo":{"@type":"ImageObject","inLanguage":"en-GB","@id":"https:\/\/www.plongeepei.fr\/#\/schema\/logo\/image\/","url":"https:\/\/www.plongeepei.fr\/wp-content\/uploads\/2023\/02\/formation-PE-40-e1711449201789.jpg","contentUrl":"https:\/\/www.plongeepei.fr\/wp-content\/uploads\/2023\/02\/formation-PE-40-e1711449201789.jpg","width":1080,"height":806,"caption":"Plongee Pei"},"image":{"@id":"https:\/\/www.plongeepei.fr\/#\/schema\/logo\/image\/"},"sameAs":["https:\/\/www.facebook.com\/plongeepei","https:\/\/www.instagram.com\/plongeepei\/"]}]}},"_links":{"self":[{"href":"https:\/\/www.plongeepei.fr\/en\/wp-json\/wp\/v2\/product\/4357","targetHints":{"allow":["GET"]}}],"collection":[{"href":"https:\/\/www.plongeepei.fr\/en\/wp-json\/wp\/v2\/product"}],"about":[{"href":"https:\/\/www.plongeepei.fr\/en\/wp-json\/wp\/v2\/types\/product"}],"wp:featuredmedia":[{"embeddable":true,"href":"https:\/\/www.plongeepei.fr\/en\/wp-json\/wp\/v2\/media\/14420"}],"wp:attachment":[{"href":"https:\/\/www.plongeepei.fr\/en\/wp-json\/wp\/v2\/media?parent=4357"}],"wp:term":[{"taxonomy":"product_brand","embeddable":true,"href":"https:\/\/www.plongeepei.fr\/en\/wp-json\/wp\/v2\/product_brand?post=4357"},{"taxonomy":"product_cat","embeddable":true,"href":"https:\/\/www.plongeepei.fr\/en\/wp-json\/wp\/v2\/product_cat?post=4357"},{"taxonomy":"product_tag","embeddable":true,"href":"https:\/\/www.plongeepei.fr\/en\/wp-json\/wp\/v2\/product_tag?post=4357"}],"curies":[{"name":"wp","href":"https:\/\/api.w.org\/{rel}","templated":true}]}}