{"id":5518,"date":"2022-11-17T14:52:17","date_gmt":"2022-11-17T10:52:17","guid":{"rendered":"https:\/\/www.plongeepei.fr\/?post_type=product&#038;p=5518"},"modified":"2026-04-25T07:14:26","modified_gmt":"2026-04-25T03:14:26","slug":"sortie-plongee","status":"publish","type":"product","link":"https:\/\/www.plongeepei.fr\/en\/product\/sortie-plongee\/","title":{"rendered":"Single dive from Saint Leu"},"content":{"rendered":"<h4 style=\"color: #ffffff; text-align: center;\">The meeting is at our premises at 71 rue du Mus\u00e9e, 97436 St Leu<\/h4>\n<p><img fetchpriority=\"high\" decoding=\"async\" class=\"wp-image-25952 aligncenter\" src=\"http:\/\/www.plongeepei.fr\/wp-content\/uploads\/2024\/11\/plongee-pei-st-leu-2-300x262.jpg\" alt=\"plong\u00e9\u00e9-p\u00e9\u00ef-St-Leu\" width=\"451\" height=\"394\" srcset=\"https:\/\/www.plongeepei.fr\/wp-content\/uploads\/2024\/11\/plongee-pei-st-leu-2-300x262.jpg 300w, https:\/\/www.plongeepei.fr\/wp-content\/uploads\/2024\/11\/plongee-pei-st-leu-2-scaled-385x337.jpg 385w, https:\/\/www.plongeepei.fr\/wp-content\/uploads\/2024\/11\/plongee-pei-st-leu-2-scaled-600x525.jpg 600w, https:\/\/www.plongeepei.fr\/wp-content\/uploads\/2024\/11\/plongee-pei-st-leu-2-1024x896.jpg 1024w, https:\/\/www.plongeepei.fr\/wp-content\/uploads\/2024\/11\/plongee-pei-st-leu-2-768x672.jpg 768w, https:\/\/www.plongeepei.fr\/wp-content\/uploads\/2024\/11\/plongee-pei-st-leu-2-1536x1344.jpg 1536w, https:\/\/www.plongeepei.fr\/wp-content\/uploads\/2024\/11\/plongee-pei-st-leu-2-2048x1792.jpg 2048w, https:\/\/www.plongeepei.fr\/wp-content\/uploads\/2024\/11\/plongee-pei-st-leu-2-14x12.jpg 14w, https:\/\/www.plongeepei.fr\/wp-content\/uploads\/2024\/11\/plongee-pei-st-leu-2-370x324.jpg 370w, https:\/\/www.plongeepei.fr\/wp-content\/uploads\/2024\/11\/plongee-pei-st-leu-2-760x665.jpg 760w, https:\/\/www.plongeepei.fr\/wp-content\/uploads\/2024\/11\/plongee-pei-st-leu-2-scaled.jpg 2000w\" sizes=\"(max-width: 451px) 100vw, 451px\" \/><\/p>\n<p>&nbsp;<\/p>\n<h4><span style=\"color: #ffffff;\">Information schedule of the proposed sites:<br \/>\n<\/span><br \/>\n<iframe style=\"border: solid 1px #777;\" src=\"https:\/\/calendar.google.com\/calendar\/embed?height=600&amp;wkst=1&amp;bgcolor=%23ffffff&amp;ctz=Indian%2FReunion&amp;title=Agenda%20Plong%C3%A9e%20Pei&amp;src=ZGF2aWRwYXJpczk3NEBnbWFpbC5jb20&amp;color=%23F6BF26\" width=\"800\" height=\"600\" frameborder=\"0\" scrolling=\"no\"><\/iframe><\/h4>\n<hr \/>\n<p style=\"text-align: center;\"><span style=\"color: #ff0000;\"><strong>Cancellation policy:<\/strong>\u00a0<\/span><\/p>\n<p style=\"text-align: center;\"><span style=\"color: #ff0000;\">After the 72-hour notice period, we will not be able to respond favorably to a refund or postponement of the service.<\/span><br \/>\n<span style=\"color: #ff0000;\">Written wording by email is requested with the order number.<\/span><br \/>\n<span style=\"color: #ff0000;\">(info@plongeepei.fr)<\/span><\/p>\n<p style=\"text-align: center;\"><span style=\"color: #ff0000;\">The reservation is not nominative, you therefore have the possibility of being replaced by a third person of an equivalent level.<\/span><\/p>\n<p style=\"text-align: center;\"><span style=\"color: #ff0000;\">In the event of cancellation on our part due to bad weather, we can either postpone the outing or we will refund you.<\/span><\/p>\n<p style=\"text-align: center;\"><span style=\"color: #ff0000;\">Also be careful not to book a dive 12 hours before a plane flight.<\/span><\/p>","protected":false},"excerpt":{"rendered":"<h1 style=\"text-align: center;\">Book a diving trip<\/h1>\n<p style=\"text-align: center;\">Departing from St Leu.<\/p>\n<h3 style=\"text-align: center;\"><span style=\"color: #ffffff;\"><strong>Decreasing price from the 4th divers\u2026<\/strong><\/span><\/h3>\n<p>&nbsp;<\/p>\n<p style=\"text-align: center;\"><strong><br \/>\nBeginner \/ Baptism:<\/strong> Only afternoon slots are available. To reserve in the morning please contact us.<\/p>\n<p style=\"text-align: center;\"><strong>Level 1\/Open Water Diver:<\/strong> All slots are open to you except for the dive mentioned \u201cdeep \/ Mini N2\u201d.<\/p>\n<p style=\"text-align: center;\">(Information schedule of sites at the bottom of the page.)<\/p>\n<p style=\"text-align: center;\"><strong>Diver Level 2 and above:<\/strong> All slots are open to you. Medical certificate or discharge requested.<\/p>\n<p style=\"text-align: center;\"><strong>\u2013 A supplement of 5\u20ac is requested during night dives for the rental of the lamp \u2013<\/strong><\/p>\n<p style=\"text-align: center;\"><strong>\u2013 Minors must be accompanied by a legal guardian \u2013<\/strong><\/p>\n<p style=\"text-align: center;\"><strong>For any questions do not hesitate to <a href=\"https:\/\/www.plongeepei.fr\/en\/nous-contacter\/\">contact the center<\/a>.<\/strong><\/p>\n<hr \/>","protected":false},"featured_media":26221,"template":"","meta":[],"product_brand":[],"product_cat":[15],"product_tag":[179],"class_list":{"0":"post-5518","1":"product","2":"type-product","3":"status-publish","4":"has-post-thumbnail","6":"product_cat-sorties","7":"product_tag-plongee-simple-saint-leu","9":"first","10":"instock","11":"virtual","12":"sold-individually","13":"purchasable","14":"product-type-booking"},"yoast_head":"<!-- This site is optimized with the Yoast SEO plugin v27.4 - https:\/\/yoast.com\/product\/yoast-seo-wordpress\/ -->\n<title>Plong\u00e9e simple depuis Saint Leu - Plongee Pei<\/title>\n<meta name=\"robots\" content=\"index, follow, max-snippet:-1, max-image-preview:large, max-video-preview:-1\" \/>\n<link rel=\"canonical\" href=\"https:\/\/www.plongeepei.fr\/en\/product\/sortie-plongee\/\" \/>\n<meta property=\"og:locale\" content=\"en_GB\" \/>\n<meta property=\"og:type\" content=\"article\" \/>\n<meta property=\"og:title\" content=\"Plong\u00e9e simple depuis Saint Leu - Plongee Pei\" \/>\n<meta property=\"og:description\" content=\"R\u00e9server une sortie plong\u00e9e Au d\u00e9part de St Leu.  Tarif d\u00e9gressif d\u00e8s le 4\u00b0 plongeurs... &nbsp;  D\u00e9butant \/ Bapt\u00eame: Seuls les cr\u00e9neaux de l&#039;apr\u00e8s-midi sont disponibles. Pour r\u00e9server le matin veuillez nous contacter. Plongeur Niveau 1\/ Open Water : Tous les cr\u00e9neaux vous sont ouverts sauf plong\u00e9e mentionn\u00e9e &quot;profonde \/ Mini N2&quot;. (Planning d&#039;information des sites en bas de page.) Plongeur Niveau 2 et plus: Tous les cr\u00e9neaux vous sont ouverts. Certificat ou d\u00e9charge M\u00e9dical demand\u00e9e. - Un suppl\u00e9ment de 5\u20ac est demand\u00e9 lors des plong\u00e9es de nuit pour la location de la lampe - - Les mineurs doivent \u00eatre accompagn\u00e9s par un responsable l\u00e9gal - Pour toutes questions n&#039;h\u00e9sitez pas \u00e0 contacter le centre.\" \/>\n<meta property=\"og:url\" content=\"https:\/\/www.plongeepei.fr\/en\/product\/sortie-plongee\/\" \/>\n<meta property=\"og:site_name\" content=\"Plongee Pei\" \/>\n<meta property=\"article:publisher\" content=\"https:\/\/www.facebook.com\/plongeepei\" \/>\n<meta property=\"article:modified_time\" content=\"2026-04-25T03:14:26+00:00\" \/>\n<meta property=\"og:image\" content=\"http:\/\/www.plongeepei.fr\/wp-content\/uploads\/2024\/12\/site-internet-scaled.jpg\" \/>\n\t<meta property=\"og:image:width\" content=\"2000\" \/>\n\t<meta property=\"og:image:height\" content=\"2000\" \/>\n\t<meta property=\"og:image:type\" content=\"image\/jpeg\" \/>\n<meta name=\"twitter:card\" content=\"summary_large_image\" \/>\n<meta name=\"twitter:label1\" content=\"Estimated reading time\" \/>\n\t<meta name=\"twitter:data1\" content=\"1 minute\" \/>\n<script type=\"application\/ld+json\" class=\"yoast-schema-graph\">{\"@context\":\"https:\\\/\\\/schema.org\",\"@graph\":[{\"@type\":\"WebPage\",\"@id\":\"https:\\\/\\\/www.plongeepei.fr\\\/product\\\/sortie-plongee\\\/\",\"url\":\"https:\\\/\\\/www.plongeepei.fr\\\/product\\\/sortie-plongee\\\/\",\"name\":\"Plong\u00e9e simple depuis Saint Leu - Plongee Pei\",\"isPartOf\":{\"@id\":\"https:\\\/\\\/www.plongeepei.fr\\\/#website\"},\"primaryImageOfPage\":{\"@id\":\"https:\\\/\\\/www.plongeepei.fr\\\/product\\\/sortie-plongee\\\/#primaryimage\"},\"image\":{\"@id\":\"https:\\\/\\\/www.plongeepei.fr\\\/product\\\/sortie-plongee\\\/#primaryimage\"},\"thumbnailUrl\":\"https:\\\/\\\/www.plongeepei.fr\\\/wp-content\\\/uploads\\\/2024\\\/12\\\/site-internet-scaled.jpg\",\"datePublished\":\"2022-11-17T10:52:17+00:00\",\"dateModified\":\"2026-04-25T03:14:26+00:00\",\"breadcrumb\":{\"@id\":\"https:\\\/\\\/www.plongeepei.fr\\\/product\\\/sortie-plongee\\\/#breadcrumb\"},\"inLanguage\":\"en-GB\",\"potentialAction\":[{\"@type\":\"ReadAction\",\"target\":[\"https:\\\/\\\/www.plongeepei.fr\\\/product\\\/sortie-plongee\\\/\"]}]},{\"@type\":\"ImageObject\",\"inLanguage\":\"en-GB\",\"@id\":\"https:\\\/\\\/www.plongeepei.fr\\\/product\\\/sortie-plongee\\\/#primaryimage\",\"url\":\"https:\\\/\\\/www.plongeepei.fr\\\/wp-content\\\/uploads\\\/2024\\\/12\\\/site-internet-scaled.jpg\",\"contentUrl\":\"https:\\\/\\\/www.plongeepei.fr\\\/wp-content\\\/uploads\\\/2024\\\/12\\\/site-internet-scaled.jpg\",\"width\":2000,\"height\":2000,\"caption\":\"Plong\u00e9e P\u00e9\u00ef\"},{\"@type\":\"BreadcrumbList\",\"@id\":\"https:\\\/\\\/www.plongeepei.fr\\\/product\\\/sortie-plongee\\\/#breadcrumb\",\"itemListElement\":[{\"@type\":\"ListItem\",\"position\":1,\"name\":\"Accueil\",\"item\":\"https:\\\/\\\/www.plongeepei.fr\\\/\"},{\"@type\":\"ListItem\",\"position\":2,\"name\":\"Produits\",\"item\":\"https:\\\/\\\/www.plongeepei.fr\\\/shop\\\/\"},{\"@type\":\"ListItem\",\"position\":3,\"name\":\"Plong\u00e9e simple depuis Saint Leu\"}]},{\"@type\":\"WebSite\",\"@id\":\"https:\\\/\\\/www.plongeepei.fr\\\/#website\",\"url\":\"https:\\\/\\\/www.plongeepei.fr\\\/\",\"name\":\"Plongee Pei\",\"description\":\"Centre de plong\u00e9e \u00e0 l&#039;\u00eele de la R\u00e9union\",\"publisher\":{\"@id\":\"https:\\\/\\\/www.plongeepei.fr\\\/#organization\"},\"potentialAction\":[{\"@type\":\"SearchAction\",\"target\":{\"@type\":\"EntryPoint\",\"urlTemplate\":\"https:\\\/\\\/www.plongeepei.fr\\\/?s={search_term_string}\"},\"query-input\":{\"@type\":\"PropertyValueSpecification\",\"valueRequired\":true,\"valueName\":\"search_term_string\"}}],\"inLanguage\":\"en-GB\"},{\"@type\":\"Organization\",\"@id\":\"https:\\\/\\\/www.plongeepei.fr\\\/#organization\",\"name\":\"Plongee Pei\",\"url\":\"https:\\\/\\\/www.plongeepei.fr\\\/\",\"logo\":{\"@type\":\"ImageObject\",\"inLanguage\":\"en-GB\",\"@id\":\"https:\\\/\\\/www.plongeepei.fr\\\/#\\\/schema\\\/logo\\\/image\\\/\",\"url\":\"https:\\\/\\\/www.plongeepei.fr\\\/wp-content\\\/uploads\\\/2023\\\/02\\\/formation-PE-40-e1711449201789.jpg\",\"contentUrl\":\"https:\\\/\\\/www.plongeepei.fr\\\/wp-content\\\/uploads\\\/2023\\\/02\\\/formation-PE-40-e1711449201789.jpg\",\"width\":1080,\"height\":806,\"caption\":\"Plongee Pei\"},\"image\":{\"@id\":\"https:\\\/\\\/www.plongeepei.fr\\\/#\\\/schema\\\/logo\\\/image\\\/\"},\"sameAs\":[\"https:\\\/\\\/www.facebook.com\\\/plongeepei\",\"https:\\\/\\\/www.instagram.com\\\/plongeepei\\\/\"]}]}<\/script>\n<!-- \/ Yoast SEO plugin. -->","yoast_head_json":{"title":"Single dive from Saint Leu - Plongee Pei","robots":{"index":"index","follow":"follow","max-snippet":"max-snippet:-1","max-image-preview":"max-image-preview:large","max-video-preview":"max-video-preview:-1"},"canonical":"https:\/\/www.plongeepei.fr\/en\/product\/sortie-plongee\/","og_locale":"en_GB","og_type":"article","og_title":"Plong\u00e9e simple depuis Saint Leu - Plongee Pei","og_description":"R\u00e9server une sortie plong\u00e9e Au d\u00e9part de St Leu.  Tarif d\u00e9gressif d\u00e8s le 4\u00b0 plongeurs... &nbsp;  D\u00e9butant \/ Bapt\u00eame: Seuls les cr\u00e9neaux de l'apr\u00e8s-midi sont disponibles. Pour r\u00e9server le matin veuillez nous contacter. Plongeur Niveau 1\/ Open Water : Tous les cr\u00e9neaux vous sont ouverts sauf plong\u00e9e mentionn\u00e9e \"profonde \/ Mini N2\". (Planning d'information des sites en bas de page.) Plongeur Niveau 2 et plus: Tous les cr\u00e9neaux vous sont ouverts. Certificat ou d\u00e9charge M\u00e9dical demand\u00e9e. - Un suppl\u00e9ment de 5\u20ac est demand\u00e9 lors des plong\u00e9es de nuit pour la location de la lampe - - Les mineurs doivent \u00eatre accompagn\u00e9s par un responsable l\u00e9gal - Pour toutes questions n'h\u00e9sitez pas \u00e0 contacter le centre.","og_url":"https:\/\/www.plongeepei.fr\/en\/product\/sortie-plongee\/","og_site_name":"Plongee Pei","article_publisher":"https:\/\/www.facebook.com\/plongeepei","article_modified_time":"2026-04-25T03:14:26+00:00","og_image":[{"width":2000,"height":2000,"url":"http:\/\/www.plongeepei.fr\/wp-content\/uploads\/2024\/12\/site-internet-scaled.jpg","type":"image\/jpeg"}],"twitter_card":"summary_large_image","twitter_misc":{"Estimated reading time":"1 minute"},"schema":{"@context":"https:\/\/schema.org","@graph":[{"@type":"WebPage","@id":"https:\/\/www.plongeepei.fr\/product\/sortie-plongee\/","url":"https:\/\/www.plongeepei.fr\/product\/sortie-plongee\/","name":"Single dive from Saint Leu - Plongee Pei","isPartOf":{"@id":"https:\/\/www.plongeepei.fr\/#website"},"primaryImageOfPage":{"@id":"https:\/\/www.plongeepei.fr\/product\/sortie-plongee\/#primaryimage"},"image":{"@id":"https:\/\/www.plongeepei.fr\/product\/sortie-plongee\/#primaryimage"},"thumbnailUrl":"https:\/\/www.plongeepei.fr\/wp-content\/uploads\/2024\/12\/site-internet-scaled.jpg","datePublished":"2022-11-17T10:52:17+00:00","dateModified":"2026-04-25T03:14:26+00:00","breadcrumb":{"@id":"https:\/\/www.plongeepei.fr\/product\/sortie-plongee\/#breadcrumb"},"inLanguage":"en-GB","potentialAction":[{"@type":"ReadAction","target":["https:\/\/www.plongeepei.fr\/product\/sortie-plongee\/"]}]},{"@type":"ImageObject","inLanguage":"en-GB","@id":"https:\/\/www.plongeepei.fr\/product\/sortie-plongee\/#primaryimage","url":"https:\/\/www.plongeepei.fr\/wp-content\/uploads\/2024\/12\/site-internet-scaled.jpg","contentUrl":"https:\/\/www.plongeepei.fr\/wp-content\/uploads\/2024\/12\/site-internet-scaled.jpg","width":2000,"height":2000,"caption":"Plong\u00e9e P\u00e9\u00ef"},{"@type":"BreadcrumbList","@id":"https:\/\/www.plongeepei.fr\/product\/sortie-plongee\/#breadcrumb","itemListElement":[{"@type":"ListItem","position":1,"name":"Accueil","item":"https:\/\/www.plongeepei.fr\/"},{"@type":"ListItem","position":2,"name":"Produits","item":"https:\/\/www.plongeepei.fr\/shop\/"},{"@type":"ListItem","position":3,"name":"Plong\u00e9e simple depuis Saint Leu"}]},{"@type":"WebSite","@id":"https:\/\/www.plongeepei.fr\/#website","url":"https:\/\/www.plongeepei.fr\/","name":"Pei Diving","description":"Diving center on Reunion Island","publisher":{"@id":"https:\/\/www.plongeepei.fr\/#organization"},"potentialAction":[{"@type":"SearchAction","target":{"@type":"EntryPoint","urlTemplate":"https:\/\/www.plongeepei.fr\/?s={search_term_string}"},"query-input":{"@type":"PropertyValueSpecification","valueRequired":true,"valueName":"search_term_string"}}],"inLanguage":"en-GB"},{"@type":"Organization","@id":"https:\/\/www.plongeepei.fr\/#organization","name":"Pei Diving","url":"https:\/\/www.plongeepei.fr\/","logo":{"@type":"ImageObject","inLanguage":"en-GB","@id":"https:\/\/www.plongeepei.fr\/#\/schema\/logo\/image\/","url":"https:\/\/www.plongeepei.fr\/wp-content\/uploads\/2023\/02\/formation-PE-40-e1711449201789.jpg","contentUrl":"https:\/\/www.plongeepei.fr\/wp-content\/uploads\/2023\/02\/formation-PE-40-e1711449201789.jpg","width":1080,"height":806,"caption":"Plongee Pei"},"image":{"@id":"https:\/\/www.plongeepei.fr\/#\/schema\/logo\/image\/"},"sameAs":["https:\/\/www.facebook.com\/plongeepei","https:\/\/www.instagram.com\/plongeepei\/"]}]}},"_links":{"self":[{"href":"https:\/\/www.plongeepei.fr\/en\/wp-json\/wp\/v2\/product\/5518","targetHints":{"allow":["GET"]}}],"collection":[{"href":"https:\/\/www.plongeepei.fr\/en\/wp-json\/wp\/v2\/product"}],"about":[{"href":"https:\/\/www.plongeepei.fr\/en\/wp-json\/wp\/v2\/types\/product"}],"wp:featuredmedia":[{"embeddable":true,"href":"https:\/\/www.plongeepei.fr\/en\/wp-json\/wp\/v2\/media\/26221"}],"wp:attachment":[{"href":"https:\/\/www.plongeepei.fr\/en\/wp-json\/wp\/v2\/media?parent=5518"}],"wp:term":[{"taxonomy":"product_brand","embeddable":true,"href":"https:\/\/www.plongeepei.fr\/en\/wp-json\/wp\/v2\/product_brand?post=5518"},{"taxonomy":"product_cat","embeddable":true,"href":"https:\/\/www.plongeepei.fr\/en\/wp-json\/wp\/v2\/product_cat?post=5518"},{"taxonomy":"product_tag","embeddable":true,"href":"https:\/\/www.plongeepei.fr\/en\/wp-json\/wp\/v2\/product_tag?post=5518"}],"curies":[{"name":"wp","href":"https:\/\/api.w.org\/{rel}","templated":true}]}}