{"id":6753,"date":"2023-01-26T15:34:44","date_gmt":"2023-01-26T11:34:44","guid":{"rendered":"https:\/\/www.plongeepei.fr\/?post_type=product&#038;p=6753"},"modified":"2025-06-24T18:36:01","modified_gmt":"2025-06-24T14:36:01","slug":"niveau-3-rifap","status":"publish","type":"product","link":"https:\/\/www.plongeepei.fr\/en\/product\/niveau-3-rifap\/","title":{"rendered":"Level 3 + RIFAP"},"content":{"rendered":"<p><span style=\"color: #ffffff;\">Level 3 training<\/span><\/p>\n<p><span style=\"color: #ffffff;\">10 technical dives + First aid training included<\/span><\/p>","protected":false},"excerpt":{"rendered":"<p><span style=\"color: #ffffff;\">Quite simply the highest technical level in recreational diving\u2026<\/span><\/p>","protected":false},"featured_media":18894,"template":"","meta":[],"product_brand":[],"product_cat":[163],"product_tag":[],"class_list":{"0":"post-6753","1":"product","2":"type-product","3":"status-publish","4":"has-post-thumbnail","6":"product_cat-2-formations","8":"first","9":"instock","10":"purchasable","11":"product-type-simple"},"yoast_head":"<!-- This site is optimized with the Yoast SEO plugin v27.4 - https:\/\/yoast.com\/product\/yoast-seo-wordpress\/ -->\n<title>Niveau 3 + RIFAP - Plongee Pei<\/title>\n<meta name=\"robots\" content=\"index, follow, max-snippet:-1, max-image-preview:large, max-video-preview:-1\" \/>\n<link rel=\"canonical\" href=\"https:\/\/www.plongeepei.fr\/en\/product\/niveau-3-rifap\/\" \/>\n<meta property=\"og:locale\" content=\"en_GB\" \/>\n<meta property=\"og:type\" content=\"article\" \/>\n<meta property=\"og:title\" content=\"Niveau 3 + RIFAP - Plongee Pei\" \/>\n<meta property=\"og:description\" content=\"Tout simplement le plus haut niveau technique en plong\u00e9e loisir...\" \/>\n<meta property=\"og:url\" content=\"https:\/\/www.plongeepei.fr\/en\/product\/niveau-3-rifap\/\" \/>\n<meta property=\"og:site_name\" content=\"Plongee Pei\" \/>\n<meta property=\"article:publisher\" content=\"https:\/\/www.facebook.com\/plongeepei\" \/>\n<meta property=\"article:modified_time\" content=\"2025-06-24T14:36:01+00:00\" \/>\n<meta property=\"og:image\" content=\"http:\/\/www.plongeepei.fr\/wp-content\/uploads\/2023\/07\/N3.jpg\" \/>\n\t<meta property=\"og:image:width\" content=\"1417\" \/>\n\t<meta property=\"og:image:height\" content=\"1417\" \/>\n\t<meta property=\"og:image:type\" content=\"image\/jpeg\" \/>\n<meta name=\"twitter:card\" content=\"summary_large_image\" \/>\n<script type=\"application\/ld+json\" class=\"yoast-schema-graph\">{\"@context\":\"https:\\\/\\\/schema.org\",\"@graph\":[{\"@type\":\"WebPage\",\"@id\":\"https:\\\/\\\/www.plongeepei.fr\\\/product\\\/niveau-3-rifap\\\/\",\"url\":\"https:\\\/\\\/www.plongeepei.fr\\\/product\\\/niveau-3-rifap\\\/\",\"name\":\"Niveau 3 + RIFAP - Plongee Pei\",\"isPartOf\":{\"@id\":\"https:\\\/\\\/www.plongeepei.fr\\\/#website\"},\"primaryImageOfPage\":{\"@id\":\"https:\\\/\\\/www.plongeepei.fr\\\/product\\\/niveau-3-rifap\\\/#primaryimage\"},\"image\":{\"@id\":\"https:\\\/\\\/www.plongeepei.fr\\\/product\\\/niveau-3-rifap\\\/#primaryimage\"},\"thumbnailUrl\":\"https:\\\/\\\/www.plongeepei.fr\\\/wp-content\\\/uploads\\\/2023\\\/07\\\/N3.jpg\",\"datePublished\":\"2023-01-26T11:34:44+00:00\",\"dateModified\":\"2025-06-24T14:36:01+00:00\",\"breadcrumb\":{\"@id\":\"https:\\\/\\\/www.plongeepei.fr\\\/product\\\/niveau-3-rifap\\\/#breadcrumb\"},\"inLanguage\":\"en-GB\",\"potentialAction\":[{\"@type\":\"ReadAction\",\"target\":[\"https:\\\/\\\/www.plongeepei.fr\\\/product\\\/niveau-3-rifap\\\/\"]}]},{\"@type\":\"ImageObject\",\"inLanguage\":\"en-GB\",\"@id\":\"https:\\\/\\\/www.plongeepei.fr\\\/product\\\/niveau-3-rifap\\\/#primaryimage\",\"url\":\"https:\\\/\\\/www.plongeepei.fr\\\/wp-content\\\/uploads\\\/2023\\\/07\\\/N3.jpg\",\"contentUrl\":\"https:\\\/\\\/www.plongeepei.fr\\\/wp-content\\\/uploads\\\/2023\\\/07\\\/N3.jpg\",\"width\":1417,\"height\":1417},{\"@type\":\"BreadcrumbList\",\"@id\":\"https:\\\/\\\/www.plongeepei.fr\\\/product\\\/niveau-3-rifap\\\/#breadcrumb\",\"itemListElement\":[{\"@type\":\"ListItem\",\"position\":1,\"name\":\"Accueil\",\"item\":\"https:\\\/\\\/www.plongeepei.fr\\\/\"},{\"@type\":\"ListItem\",\"position\":2,\"name\":\"Produits\",\"item\":\"https:\\\/\\\/www.plongeepei.fr\\\/shop\\\/\"},{\"@type\":\"ListItem\",\"position\":3,\"name\":\"Niveau 3 + RIFAP\"}]},{\"@type\":\"WebSite\",\"@id\":\"https:\\\/\\\/www.plongeepei.fr\\\/#website\",\"url\":\"https:\\\/\\\/www.plongeepei.fr\\\/\",\"name\":\"Plongee Pei\",\"description\":\"Centre de plong\u00e9e \u00e0 l&#039;\u00eele de la R\u00e9union\",\"publisher\":{\"@id\":\"https:\\\/\\\/www.plongeepei.fr\\\/#organization\"},\"potentialAction\":[{\"@type\":\"SearchAction\",\"target\":{\"@type\":\"EntryPoint\",\"urlTemplate\":\"https:\\\/\\\/www.plongeepei.fr\\\/?s={search_term_string}\"},\"query-input\":{\"@type\":\"PropertyValueSpecification\",\"valueRequired\":true,\"valueName\":\"search_term_string\"}}],\"inLanguage\":\"en-GB\"},{\"@type\":\"Organization\",\"@id\":\"https:\\\/\\\/www.plongeepei.fr\\\/#organization\",\"name\":\"Plongee Pei\",\"url\":\"https:\\\/\\\/www.plongeepei.fr\\\/\",\"logo\":{\"@type\":\"ImageObject\",\"inLanguage\":\"en-GB\",\"@id\":\"https:\\\/\\\/www.plongeepei.fr\\\/#\\\/schema\\\/logo\\\/image\\\/\",\"url\":\"https:\\\/\\\/www.plongeepei.fr\\\/wp-content\\\/uploads\\\/2023\\\/02\\\/formation-PE-40-e1711449201789.jpg\",\"contentUrl\":\"https:\\\/\\\/www.plongeepei.fr\\\/wp-content\\\/uploads\\\/2023\\\/02\\\/formation-PE-40-e1711449201789.jpg\",\"width\":1080,\"height\":806,\"caption\":\"Plongee Pei\"},\"image\":{\"@id\":\"https:\\\/\\\/www.plongeepei.fr\\\/#\\\/schema\\\/logo\\\/image\\\/\"},\"sameAs\":[\"https:\\\/\\\/www.facebook.com\\\/plongeepei\",\"https:\\\/\\\/www.instagram.com\\\/plongeepei\\\/\"]}]}<\/script>\n<!-- \/ Yoast SEO plugin. -->","yoast_head_json":{"title":"Niveau 3 + RIFAP - Plongee Pei","robots":{"index":"index","follow":"follow","max-snippet":"max-snippet:-1","max-image-preview":"max-image-preview:large","max-video-preview":"max-video-preview:-1"},"canonical":"https:\/\/www.plongeepei.fr\/en\/product\/niveau-3-rifap\/","og_locale":"en_GB","og_type":"article","og_title":"Niveau 3 + RIFAP - Plongee Pei","og_description":"Tout simplement le plus haut niveau technique en plong\u00e9e loisir...","og_url":"https:\/\/www.plongeepei.fr\/en\/product\/niveau-3-rifap\/","og_site_name":"Plongee Pei","article_publisher":"https:\/\/www.facebook.com\/plongeepei","article_modified_time":"2025-06-24T14:36:01+00:00","og_image":[{"width":1417,"height":1417,"url":"http:\/\/www.plongeepei.fr\/wp-content\/uploads\/2023\/07\/N3.jpg","type":"image\/jpeg"}],"twitter_card":"summary_large_image","schema":{"@context":"https:\/\/schema.org","@graph":[{"@type":"WebPage","@id":"https:\/\/www.plongeepei.fr\/product\/niveau-3-rifap\/","url":"https:\/\/www.plongeepei.fr\/product\/niveau-3-rifap\/","name":"Niveau 3 + RIFAP - Plongee Pei","isPartOf":{"@id":"https:\/\/www.plongeepei.fr\/#website"},"primaryImageOfPage":{"@id":"https:\/\/www.plongeepei.fr\/product\/niveau-3-rifap\/#primaryimage"},"image":{"@id":"https:\/\/www.plongeepei.fr\/product\/niveau-3-rifap\/#primaryimage"},"thumbnailUrl":"https:\/\/www.plongeepei.fr\/wp-content\/uploads\/2023\/07\/N3.jpg","datePublished":"2023-01-26T11:34:44+00:00","dateModified":"2025-06-24T14:36:01+00:00","breadcrumb":{"@id":"https:\/\/www.plongeepei.fr\/product\/niveau-3-rifap\/#breadcrumb"},"inLanguage":"en-GB","potentialAction":[{"@type":"ReadAction","target":["https:\/\/www.plongeepei.fr\/product\/niveau-3-rifap\/"]}]},{"@type":"ImageObject","inLanguage":"en-GB","@id":"https:\/\/www.plongeepei.fr\/product\/niveau-3-rifap\/#primaryimage","url":"https:\/\/www.plongeepei.fr\/wp-content\/uploads\/2023\/07\/N3.jpg","contentUrl":"https:\/\/www.plongeepei.fr\/wp-content\/uploads\/2023\/07\/N3.jpg","width":1417,"height":1417},{"@type":"BreadcrumbList","@id":"https:\/\/www.plongeepei.fr\/product\/niveau-3-rifap\/#breadcrumb","itemListElement":[{"@type":"ListItem","position":1,"name":"Accueil","item":"https:\/\/www.plongeepei.fr\/"},{"@type":"ListItem","position":2,"name":"Produits","item":"https:\/\/www.plongeepei.fr\/shop\/"},{"@type":"ListItem","position":3,"name":"Niveau 3 + RIFAP"}]},{"@type":"WebSite","@id":"https:\/\/www.plongeepei.fr\/#website","url":"https:\/\/www.plongeepei.fr\/","name":"Pei Diving","description":"Diving center on Reunion Island","publisher":{"@id":"https:\/\/www.plongeepei.fr\/#organization"},"potentialAction":[{"@type":"SearchAction","target":{"@type":"EntryPoint","urlTemplate":"https:\/\/www.plongeepei.fr\/?s={search_term_string}"},"query-input":{"@type":"PropertyValueSpecification","valueRequired":true,"valueName":"search_term_string"}}],"inLanguage":"en-GB"},{"@type":"Organization","@id":"https:\/\/www.plongeepei.fr\/#organization","name":"Pei Diving","url":"https:\/\/www.plongeepei.fr\/","logo":{"@type":"ImageObject","inLanguage":"en-GB","@id":"https:\/\/www.plongeepei.fr\/#\/schema\/logo\/image\/","url":"https:\/\/www.plongeepei.fr\/wp-content\/uploads\/2023\/02\/formation-PE-40-e1711449201789.jpg","contentUrl":"https:\/\/www.plongeepei.fr\/wp-content\/uploads\/2023\/02\/formation-PE-40-e1711449201789.jpg","width":1080,"height":806,"caption":"Plongee Pei"},"image":{"@id":"https:\/\/www.plongeepei.fr\/#\/schema\/logo\/image\/"},"sameAs":["https:\/\/www.facebook.com\/plongeepei","https:\/\/www.instagram.com\/plongeepei\/"]}]}},"_links":{"self":[{"href":"https:\/\/www.plongeepei.fr\/en\/wp-json\/wp\/v2\/product\/6753","targetHints":{"allow":["GET"]}}],"collection":[{"href":"https:\/\/www.plongeepei.fr\/en\/wp-json\/wp\/v2\/product"}],"about":[{"href":"https:\/\/www.plongeepei.fr\/en\/wp-json\/wp\/v2\/types\/product"}],"wp:featuredmedia":[{"embeddable":true,"href":"https:\/\/www.plongeepei.fr\/en\/wp-json\/wp\/v2\/media\/18894"}],"wp:attachment":[{"href":"https:\/\/www.plongeepei.fr\/en\/wp-json\/wp\/v2\/media?parent=6753"}],"wp:term":[{"taxonomy":"product_brand","embeddable":true,"href":"https:\/\/www.plongeepei.fr\/en\/wp-json\/wp\/v2\/product_brand?post=6753"},{"taxonomy":"product_cat","embeddable":true,"href":"https:\/\/www.plongeepei.fr\/en\/wp-json\/wp\/v2\/product_cat?post=6753"},{"taxonomy":"product_tag","embeddable":true,"href":"https:\/\/www.plongeepei.fr\/en\/wp-json\/wp\/v2\/product_tag?post=6753"}],"curies":[{"name":"wp","href":"https:\/\/api.w.org\/{rel}","templated":true}]}}